{"id":20882,"date":"2023-12-28T16:29:34","date_gmt":"2023-12-28T16:29:34","guid":{"rendered":"https:\/\/casinomarbella.com\/?page_id=20882"},"modified":"2026-04-15T14:06:09","modified_gmt":"2026-04-15T14:06:09","slug":"carta-bebidas","status":"publish","type":"page","link":"https:\/\/casinomarbella.com\/en\/restaurant\/beverages","title":{"rendered":"Beverages"},"content":{"rendered":"<div class=\"row wpb_row row-fluid zindex no-row-padding full-width-row no-column-padding vc_custom_1768900149884 row-has-fill\"><div class=\"wpb_column columns medium-12 thb-dark-column small-12\"><div class=\"vc_column-inner\"><div class=\"wpb_wrapper\"><div class=\"vc_empty_space\" id=\"thb-empty-space-69e0ea0a566ad\"  style=\"height: 40vh\" ><span class=\"vc_empty_space_inner\"><\/span><\/div>\n<\/div><\/div><\/div><\/div><div class=\"row wpb_row row-fluid no-row-padding full-width-row vc_custom_1703865764662\"><div class=\"distance wpb_column columns medium-12 thb-light-column has-fill small-12\"><div class=\"vc_column-inner xlarge-shadow  vc_custom_1747317796875\" style=\"border-radius:2vh 2vh 2vh 2vh\"><div class=\"wpb_wrapper\"><div class=\"vc_empty_space\" id=\"thb-empty-space-69e0ea0a56cc6\"  style=\"height: 40vh\" ><span class=\"vc_empty_space_inner\"><\/span><\/div>\n<\/div><\/div><\/div><\/div><div class=\"row wpb_row row-fluid\"><div class=\"wpb_column columns medium-12 thb-dark-column small-12\"><div class=\"vc_column-inner\"><div class=\"wpb_wrapper\"><div class=\"vc_empty_space\" id=\"thb-empty-space-69e0ea0a571ab\"  style=\"height: 5vh\" ><span class=\"vc_empty_space_inner\"><\/span><\/div>\n\n\t<div class=\"wpb_text_column wpb_content_element\" >\n\t\t<div class=\"wpb_wrapper\">\n\t\t\t<h3 style=\"text-align: center;\">Casino Marbella Restaurant<\/h3>\n<h2 style=\"text-align: center;\">Beverage Menu<\/h2>\n\n\t\t<\/div>\n\t<\/div>\n<\/div><\/div><\/div><\/div><div class=\"row wpb_row row-fluid distance full-width-row\"><div class=\"wpb_column columns medium-12 thb-dark-column small-12\"><div class=\"vc_column-inner\"><div class=\"wpb_wrapper\"><div class=\"vc_empty_space\" id=\"thb-empty-space-69e0ea0a57b6f\"  style=\"height: 3vh\" ><span class=\"vc_empty_space_inner\"><\/span><\/div>\n<div class=\"row wpb_row vc_inner row-fluid\"><div class=\"wpb_column columns medium-12 thb-dark-column has-fill small-12\"><div class=\"vc_column-inner   vc_custom_1703780902805\" style=\"border-radius:2vh 2vh 2vh 2vh\"><div class=\"wpb_wrapper\"><div class=\"vc_empty_space\" id=\"thb-empty-space-69e0ea0a580b5\"  style=\"height: 2vh\" ><span class=\"vc_empty_space_inner\"><\/span><\/div>\n\n\t<div class=\"wpb_text_column wpb_content_element\" >\n\t\t<div class=\"wpb_wrapper\">\n\t\t\t<p style=\"text-align: center;\"><div class=\"_df_book df-lite\" id=\"df_20874\"  _slug=\"carta-bebidas\" data-title=\"carta-bebidas\" wpoptions=\"true\" thumb=\"https:\/\/casinomarbella.com\/wp-content\/uploads\/2023\/12\/Captura-de-pantalla-2023-06-07-a-las-12.29.15.png\" thumbtype=\"\" ><\/div><script class=\"df-shortcode-script\" nowprocket type=\"application\/javascript\">window.option_df_20874 = {\"outline\":[],\"autoEnableOutline\":\"false\",\"autoEnableThumbnail\":\"false\",\"overwritePDFOutline\":\"false\",\"direction\":\"1\",\"pageSize\":\"0\",\"source\":\"https:\\\/\\\/casinomarbella.com\\\/wp-content\\\/uploads\\\/2023\\\/12\\\/CASINOMARBELLA-BEBEIDAS-2025-MAY.pdf\",\"wpOptions\":\"true\"}; if(window.DFLIP && window.DFLIP.parseBooks){window.DFLIP.parseBooks();}<\/script><\/p>\n\n\t\t<\/div>\n\t<\/div>\n<\/div><\/div><\/div><\/div><\/div><\/div><\/div><\/div><div class=\"row wpb_row row-fluid\"><div class=\"wpb_column columns medium-12 thb-dark-column small-12\"><div class=\"vc_column-inner\"><div class=\"wpb_wrapper\"><div class=\"vc_empty_space\" id=\"thb-empty-space-69e0ea0a58f47\"  style=\"height: 3vh\" ><span class=\"vc_empty_space_inner\"><\/span><\/div>\n<\/div><\/div><\/div><\/div>","protected":false},"excerpt":{"rendered":"Restaurant Casino Marbella Beverage Menu","protected":false},"author":1,"featured_media":26426,"parent":401,"menu_order":0,"comment_status":"closed","ping_status":"closed","template":"","meta":{"inline_featured_image":false,"footnotes":"","_links_to":"","_links_to_target":""},"class_list":["post-20882","page","type-page","status-publish","has-post-thumbnail","hentry"],"yoast_head":"<!-- This site is optimized with the Yoast SEO plugin v27.1.1 - https:\/\/yoast.com\/product\/yoast-seo-wordpress\/ -->\n<title>Bebidas - Casino Marbella<\/title>\n<meta name=\"description\" content=\"Consulta la carta de bebidas de Restaurante Casino Marbella con una selecci\u00f3n de vinos y c\u00f3cteles para acompa\u00f1ar tu experiencia gastron\u00f3mica.\" \/>\n<meta name=\"robots\" content=\"index, follow, max-snippet:-1, max-image-preview:large, max-video-preview:-1\" \/>\n<link rel=\"canonical\" href=\"https:\/\/casinomarbella.com\/en\/restaurant\/beverages\/\" \/>\n<meta property=\"og:locale\" content=\"en_US\" \/>\n<meta property=\"og:type\" content=\"article\" \/>\n<meta property=\"og:title\" content=\"Bebidas - Casino Marbella\" \/>\n<meta property=\"og:description\" content=\"Consulta la carta de bebidas de Restaurante Casino Marbella con una selecci\u00f3n de vinos y c\u00f3cteles para acompa\u00f1ar tu experiencia gastron\u00f3mica.\" \/>\n<meta property=\"og:url\" content=\"https:\/\/casinomarbella.com\/en\/restaurant\/beverages\/\" \/>\n<meta property=\"og:site_name\" content=\"Casino Marbella\" \/>\n<meta property=\"article:publisher\" content=\"https:\/\/www.facebook.com\/casinomarbella\" \/>\n<meta property=\"article:modified_time\" content=\"2026-04-15T14:06:09+00:00\" \/>\n<meta property=\"og:image\" content=\"https:\/\/casinomarbella.com\/wp-content\/uploads\/2026\/04\/CASINO_140126-66-scaled-e1776261700467-840x1024.png\" \/>\n\t<meta property=\"og:image:width\" content=\"840\" \/>\n\t<meta property=\"og:image:height\" content=\"1024\" \/>\n\t<meta property=\"og:image:type\" content=\"image\/png\" \/>\n<meta name=\"twitter:card\" content=\"summary_large_image\" \/>\n<meta name=\"twitter:site\" content=\"@Casino_Marbella\" \/>\n<meta name=\"twitter:label1\" content=\"Est. reading time\" \/>\n\t<meta name=\"twitter:data1\" content=\"1 minute\" \/>\n<script type=\"application\/ld+json\" class=\"yoast-schema-graph\">{\"@context\":\"https:\/\/schema.org\",\"@graph\":[{\"@type\":\"WebPage\",\"@id\":\"https:\/\/casinomarbella.com\/restaurant\/carta-bebidas\",\"url\":\"https:\/\/casinomarbella.com\/restaurant\/carta-bebidas\",\"name\":\"Bebidas - Casino Marbella\",\"isPartOf\":{\"@id\":\"https:\/\/casinomarbella.com\/en\/#website\"},\"primaryImageOfPage\":{\"@id\":\"https:\/\/casinomarbella.com\/restaurant\/carta-bebidas#primaryimage\"},\"image\":{\"@id\":\"https:\/\/casinomarbella.com\/restaurant\/carta-bebidas#primaryimage\"},\"thumbnailUrl\":\"https:\/\/casinomarbella.com\/wp-content\/uploads\/2026\/04\/CASINO_140126-66-scaled-e1776261700467.png\",\"datePublished\":\"2023-12-28T16:29:34+00:00\",\"dateModified\":\"2026-04-15T14:06:09+00:00\",\"description\":\"Consulta la carta de bebidas de Restaurante Casino Marbella con una selecci\u00f3n de vinos y c\u00f3cteles para acompa\u00f1ar tu experiencia gastron\u00f3mica.\",\"breadcrumb\":{\"@id\":\"https:\/\/casinomarbella.com\/restaurant\/carta-bebidas#breadcrumb\"},\"inLanguage\":\"en-US\",\"potentialAction\":[{\"@type\":\"ReadAction\",\"target\":[\"https:\/\/casinomarbella.com\/restaurant\/carta-bebidas\"]}]},{\"@type\":\"ImageObject\",\"inLanguage\":\"en-US\",\"@id\":\"https:\/\/casinomarbella.com\/restaurant\/carta-bebidas#primaryimage\",\"url\":\"https:\/\/casinomarbella.com\/wp-content\/uploads\/2026\/04\/CASINO_140126-66-scaled-e1776261700467.png\",\"contentUrl\":\"https:\/\/casinomarbella.com\/wp-content\/uploads\/2026\/04\/CASINO_140126-66-scaled-e1776261700467.png\",\"width\":1707,\"height\":2082},{\"@type\":\"BreadcrumbList\",\"@id\":\"https:\/\/casinomarbella.com\/restaurant\/carta-bebidas#breadcrumb\",\"itemListElement\":[{\"@type\":\"ListItem\",\"position\":1,\"name\":\"Portada\",\"item\":\"https:\/\/casinomarbella.com\/\"},{\"@type\":\"ListItem\",\"position\":2,\"name\":\"Restaurante\",\"item\":\"https:\/\/casinomarbella.com\/restaurant\"},{\"@type\":\"ListItem\",\"position\":3,\"name\":\"Bebidas\"}]},{\"@type\":\"WebSite\",\"@id\":\"https:\/\/casinomarbella.com\/en\/#website\",\"url\":\"https:\/\/casinomarbella.com\/en\/\",\"name\":\"Casino Marbella\",\"description\":\"More than just a gaming experience\",\"publisher\":{\"@id\":\"https:\/\/casinomarbella.com\/en\/#organization\"},\"potentialAction\":[{\"@type\":\"SearchAction\",\"target\":{\"@type\":\"EntryPoint\",\"urlTemplate\":\"https:\/\/casinomarbella.com\/en\/?s={search_term_string}\"},\"query-input\":{\"@type\":\"PropertyValueSpecification\",\"valueRequired\":true,\"valueName\":\"search_term_string\"}}],\"inLanguage\":\"en-US\"},{\"@type\":\"Organization\",\"@id\":\"https:\/\/casinomarbella.com\/en\/#organization\",\"name\":\"Casino Marbella\",\"url\":\"https:\/\/casinomarbella.com\/en\/\",\"logo\":{\"@type\":\"ImageObject\",\"inLanguage\":\"en-US\",\"@id\":\"https:\/\/casinomarbella.com\/en\/#\/schema\/logo\/image\/\",\"url\":\"https:\/\/casinomarbella.com\/wp-content\/uploads\/2024\/01\/LOGO-CASINO-black-scaled.png\",\"contentUrl\":\"https:\/\/casinomarbella.com\/wp-content\/uploads\/2024\/01\/LOGO-CASINO-black-scaled.png\",\"width\":2560,\"height\":1045,\"caption\":\"Casino Marbella\"},\"image\":{\"@id\":\"https:\/\/casinomarbella.com\/en\/#\/schema\/logo\/image\/\"},\"sameAs\":[\"https:\/\/www.facebook.com\/casinomarbella\",\"https:\/\/x.com\/Casino_Marbella\",\"https:\/\/www.instagram.com\/casinomarbella_\/\",\"https:\/\/www.linkedin.com\/company\/casino-marbella?originalSubdomain=es\"]}]}<\/script>\n<!-- \/ Yoast SEO plugin. -->","yoast_head_json":{"title":"Bebidas - Casino Marbella","description":"Consulta la carta de bebidas de Restaurante Casino Marbella con una selecci\u00f3n de vinos y c\u00f3cteles para acompa\u00f1ar tu experiencia gastron\u00f3mica.","robots":{"index":"index","follow":"follow","max-snippet":"max-snippet:-1","max-image-preview":"max-image-preview:large","max-video-preview":"max-video-preview:-1"},"canonical":"https:\/\/casinomarbella.com\/en\/restaurant\/beverages\/","og_locale":"en_US","og_type":"article","og_title":"Bebidas - Casino Marbella","og_description":"Consulta la carta de bebidas de Restaurante Casino Marbella con una selecci\u00f3n de vinos y c\u00f3cteles para acompa\u00f1ar tu experiencia gastron\u00f3mica.","og_url":"https:\/\/casinomarbella.com\/en\/restaurant\/beverages\/","og_site_name":"Casino Marbella","article_publisher":"https:\/\/www.facebook.com\/casinomarbella","article_modified_time":"2026-04-15T14:06:09+00:00","og_image":[{"width":840,"height":1024,"url":"https:\/\/casinomarbella.com\/wp-content\/uploads\/2026\/04\/CASINO_140126-66-scaled-e1776261700467-840x1024.png","type":"image\/png"}],"twitter_card":"summary_large_image","twitter_site":"@Casino_Marbella","twitter_misc":{"Est. reading time":"1 minute"},"schema":{"@context":"https:\/\/schema.org","@graph":[{"@type":"WebPage","@id":"https:\/\/casinomarbella.com\/restaurant\/carta-bebidas","url":"https:\/\/casinomarbella.com\/restaurant\/carta-bebidas","name":"Bebidas - Casino Marbella","isPartOf":{"@id":"https:\/\/casinomarbella.com\/en\/#website"},"primaryImageOfPage":{"@id":"https:\/\/casinomarbella.com\/restaurant\/carta-bebidas#primaryimage"},"image":{"@id":"https:\/\/casinomarbella.com\/restaurant\/carta-bebidas#primaryimage"},"thumbnailUrl":"https:\/\/casinomarbella.com\/wp-content\/uploads\/2026\/04\/CASINO_140126-66-scaled-e1776261700467.png","datePublished":"2023-12-28T16:29:34+00:00","dateModified":"2026-04-15T14:06:09+00:00","description":"Consulta la carta de bebidas de Restaurante Casino Marbella con una selecci\u00f3n de vinos y c\u00f3cteles para acompa\u00f1ar tu experiencia gastron\u00f3mica.","breadcrumb":{"@id":"https:\/\/casinomarbella.com\/restaurant\/carta-bebidas#breadcrumb"},"inLanguage":"en-US","potentialAction":[{"@type":"ReadAction","target":["https:\/\/casinomarbella.com\/restaurant\/carta-bebidas"]}]},{"@type":"ImageObject","inLanguage":"en-US","@id":"https:\/\/casinomarbella.com\/restaurant\/carta-bebidas#primaryimage","url":"https:\/\/casinomarbella.com\/wp-content\/uploads\/2026\/04\/CASINO_140126-66-scaled-e1776261700467.png","contentUrl":"https:\/\/casinomarbella.com\/wp-content\/uploads\/2026\/04\/CASINO_140126-66-scaled-e1776261700467.png","width":1707,"height":2082},{"@type":"BreadcrumbList","@id":"https:\/\/casinomarbella.com\/restaurant\/carta-bebidas#breadcrumb","itemListElement":[{"@type":"ListItem","position":1,"name":"Portada","item":"https:\/\/casinomarbella.com\/"},{"@type":"ListItem","position":2,"name":"Restaurante","item":"https:\/\/casinomarbella.com\/restaurant"},{"@type":"ListItem","position":3,"name":"Bebidas"}]},{"@type":"WebSite","@id":"https:\/\/casinomarbella.com\/en\/#website","url":"https:\/\/casinomarbella.com\/en\/","name":"Casino Marbella","description":"More than just a gaming experience","publisher":{"@id":"https:\/\/casinomarbella.com\/en\/#organization"},"potentialAction":[{"@type":"SearchAction","target":{"@type":"EntryPoint","urlTemplate":"https:\/\/casinomarbella.com\/en\/?s={search_term_string}"},"query-input":{"@type":"PropertyValueSpecification","valueRequired":true,"valueName":"search_term_string"}}],"inLanguage":"en-US"},{"@type":"Organization","@id":"https:\/\/casinomarbella.com\/en\/#organization","name":"Casino Marbella","url":"https:\/\/casinomarbella.com\/en\/","logo":{"@type":"ImageObject","inLanguage":"en-US","@id":"https:\/\/casinomarbella.com\/en\/#\/schema\/logo\/image\/","url":"https:\/\/casinomarbella.com\/wp-content\/uploads\/2024\/01\/LOGO-CASINO-black-scaled.png","contentUrl":"https:\/\/casinomarbella.com\/wp-content\/uploads\/2024\/01\/LOGO-CASINO-black-scaled.png","width":2560,"height":1045,"caption":"Casino Marbella"},"image":{"@id":"https:\/\/casinomarbella.com\/en\/#\/schema\/logo\/image\/"},"sameAs":["https:\/\/www.facebook.com\/casinomarbella","https:\/\/x.com\/Casino_Marbella","https:\/\/www.instagram.com\/casinomarbella_\/","https:\/\/www.linkedin.com\/company\/casino-marbella?originalSubdomain=es"]}]}},"_links":{"self":[{"href":"https:\/\/casinomarbella.com\/en\/wp-json\/wp\/v2\/pages\/20882","targetHints":{"allow":["GET"]}}],"collection":[{"href":"https:\/\/casinomarbella.com\/en\/wp-json\/wp\/v2\/pages"}],"about":[{"href":"https:\/\/casinomarbella.com\/en\/wp-json\/wp\/v2\/types\/page"}],"author":[{"embeddable":true,"href":"https:\/\/casinomarbella.com\/en\/wp-json\/wp\/v2\/users\/1"}],"replies":[{"embeddable":true,"href":"https:\/\/casinomarbella.com\/en\/wp-json\/wp\/v2\/comments?post=20882"}],"version-history":[{"count":9,"href":"https:\/\/casinomarbella.com\/en\/wp-json\/wp\/v2\/pages\/20882\/revisions"}],"predecessor-version":[{"id":25634,"href":"https:\/\/casinomarbella.com\/en\/wp-json\/wp\/v2\/pages\/20882\/revisions\/25634"}],"up":[{"embeddable":true,"href":"https:\/\/casinomarbella.com\/en\/wp-json\/wp\/v2\/pages\/401"}],"wp:featuredmedia":[{"embeddable":true,"href":"https:\/\/casinomarbella.com\/en\/wp-json\/wp\/v2\/media\/26426"}],"wp:attachment":[{"href":"https:\/\/casinomarbella.com\/en\/wp-json\/wp\/v2\/media?parent=20882"}],"curies":[{"name":"wp","href":"https:\/\/api.w.org\/{rel}","templated":true}]}}