{"id":20896,"date":"2023-12-28T16:42:13","date_gmt":"2023-12-28T16:42:13","guid":{"rendered":"https:\/\/casinomarbella.com\/?page_id=20896"},"modified":"2026-04-14T13:53:22","modified_gmt":"2026-04-14T13:53:22","slug":"stop-sms-2","status":"publish","type":"page","link":"https:\/\/casinomarbella.com\/en\/home\/stop-sms-2","title":{"rendered":"Stop SMS &#8211; Thank you Page"},"content":{"rendered":"<div class=\"row wpb_row row-fluid no-row-padding full-width-row no-column-padding row-o-full-height row-o-columns-middle row-flex\"><div class=\"wpb_column columns medium-12 thb-dark-column small-12\"><div class=\"vc_column-inner   vc_custom_1703781663960\"><div class=\"wpb_wrapper\">\n\t<div class=\"wpb_text_column wpb_content_element\" >\n\t\t<div class=\"wpb_wrapper\">\n\t\t\t<h2 style=\"text-align: center;\">STOP SMS<\/h2>\n<p style=\"text-align: center;\">We have successfully received your request and will process it as soon as possible. We wanted to thank you for the time we have been in contact.<\/p>\n<p style=\"text-align: center;\">If at any time you change your mind, do not hesitate to ask our room staff; we will be happy to offer you new promotions again.<\/p>\n<p style=\"text-align: center;\"><strong>We wish you the best of luck in the future!<\/strong><\/p>\n\n\t\t<\/div>\n\t<\/div>\n<\/div><\/div><\/div><\/div>","protected":false},"excerpt":{"rendered":"STOP SMS Hemos recibido correctamente tu petici\u00f3n y la tramitaremos lo antes posible. Queriamos agradecerte el tiempo en el que hemos estado en contacto. Si en alg\u00fan momento cambias de opini\u00f3n, no dudes en preguntar a nuestro personal de sala; estaremos encantados de volver a ofrecerte nuevas promociones. \u00a1Te deseamos mucha suerte en el futuro!","protected":false},"author":1,"featured_media":0,"parent":111,"menu_order":0,"comment_status":"closed","ping_status":"closed","template":"","meta":{"inline_featured_image":false,"footnotes":"","_links_to":"","_links_to_target":""},"class_list":["post-20896","page","type-page","status-publish","hentry"],"yoast_head":"<!-- This site is optimized with the Yoast SEO plugin v27.1.1 - https:\/\/yoast.com\/product\/yoast-seo-wordpress\/ -->\n<title>Stop SMS - Thank you Page - Casino Marbella<\/title>\n<meta name=\"robots\" content=\"index, follow, max-snippet:-1, max-image-preview:large, max-video-preview:-1\" \/>\n<link rel=\"canonical\" href=\"https:\/\/casinomarbella.com\/en\/home\/stop-sms-2\/\" \/>\n<meta property=\"og:locale\" content=\"en_US\" \/>\n<meta property=\"og:type\" content=\"article\" \/>\n<meta property=\"og:title\" content=\"Stop SMS - Thank you Page - Casino Marbella\" \/>\n<meta property=\"og:url\" content=\"https:\/\/casinomarbella.com\/en\/home\/stop-sms-2\/\" \/>\n<meta property=\"og:site_name\" content=\"Casino Marbella\" \/>\n<meta property=\"article:publisher\" content=\"https:\/\/www.facebook.com\/casinomarbella\" \/>\n<meta property=\"article:modified_time\" content=\"2026-04-14T13:53:22+00:00\" \/>\n<meta name=\"twitter:card\" content=\"summary_large_image\" \/>\n<meta name=\"twitter:site\" content=\"@Casino_Marbella\" \/>\n<meta name=\"twitter:label1\" content=\"Est. reading time\" \/>\n\t<meta name=\"twitter:data1\" content=\"1 minute\" \/>\n<script type=\"application\/ld+json\" class=\"yoast-schema-graph\">{\"@context\":\"https:\/\/schema.org\",\"@graph\":[{\"@type\":\"WebPage\",\"@id\":\"https:\/\/casinomarbella.com\/home\/stop-sms-2\",\"url\":\"https:\/\/casinomarbella.com\/home\/stop-sms-2\",\"name\":\"Stop SMS - Thank you Page - Casino Marbella\",\"isPartOf\":{\"@id\":\"https:\/\/casinomarbella.com\/en\/#website\"},\"datePublished\":\"2023-12-28T16:42:13+00:00\",\"dateModified\":\"2026-04-14T13:53:22+00:00\",\"breadcrumb\":{\"@id\":\"https:\/\/casinomarbella.com\/home\/stop-sms-2#breadcrumb\"},\"inLanguage\":\"en-US\",\"potentialAction\":[{\"@type\":\"ReadAction\",\"target\":[\"https:\/\/casinomarbella.com\/home\/stop-sms-2\"]}]},{\"@type\":\"BreadcrumbList\",\"@id\":\"https:\/\/casinomarbella.com\/home\/stop-sms-2#breadcrumb\",\"itemListElement\":[{\"@type\":\"ListItem\",\"position\":1,\"name\":\"Portada\",\"item\":\"https:\/\/casinomarbella.com\/\"},{\"@type\":\"ListItem\",\"position\":2,\"name\":\"Home\",\"item\":\"https:\/\/casinomarbella.com\/\"},{\"@type\":\"ListItem\",\"position\":3,\"name\":\"Stop SMS &#8211; Thank you Page\"}]},{\"@type\":\"WebSite\",\"@id\":\"https:\/\/casinomarbella.com\/en\/#website\",\"url\":\"https:\/\/casinomarbella.com\/en\/\",\"name\":\"Casino Marbella\",\"description\":\"More than just a gaming experience\",\"publisher\":{\"@id\":\"https:\/\/casinomarbella.com\/en\/#organization\"},\"potentialAction\":[{\"@type\":\"SearchAction\",\"target\":{\"@type\":\"EntryPoint\",\"urlTemplate\":\"https:\/\/casinomarbella.com\/en\/?s={search_term_string}\"},\"query-input\":{\"@type\":\"PropertyValueSpecification\",\"valueRequired\":true,\"valueName\":\"search_term_string\"}}],\"inLanguage\":\"en-US\"},{\"@type\":\"Organization\",\"@id\":\"https:\/\/casinomarbella.com\/en\/#organization\",\"name\":\"Casino Marbella\",\"url\":\"https:\/\/casinomarbella.com\/en\/\",\"logo\":{\"@type\":\"ImageObject\",\"inLanguage\":\"en-US\",\"@id\":\"https:\/\/casinomarbella.com\/en\/#\/schema\/logo\/image\/\",\"url\":\"https:\/\/casinomarbella.com\/wp-content\/uploads\/2024\/01\/LOGO-CASINO-black-scaled.png\",\"contentUrl\":\"https:\/\/casinomarbella.com\/wp-content\/uploads\/2024\/01\/LOGO-CASINO-black-scaled.png\",\"width\":2560,\"height\":1045,\"caption\":\"Casino Marbella\"},\"image\":{\"@id\":\"https:\/\/casinomarbella.com\/en\/#\/schema\/logo\/image\/\"},\"sameAs\":[\"https:\/\/www.facebook.com\/casinomarbella\",\"https:\/\/x.com\/Casino_Marbella\",\"https:\/\/www.instagram.com\/casinomarbella_\/\",\"https:\/\/www.linkedin.com\/company\/casino-marbella?originalSubdomain=es\"]}]}<\/script>\n<!-- \/ Yoast SEO plugin. -->","yoast_head_json":{"title":"Stop SMS - Thank you Page - Casino Marbella","robots":{"index":"index","follow":"follow","max-snippet":"max-snippet:-1","max-image-preview":"max-image-preview:large","max-video-preview":"max-video-preview:-1"},"canonical":"https:\/\/casinomarbella.com\/en\/home\/stop-sms-2\/","og_locale":"en_US","og_type":"article","og_title":"Stop SMS - Thank you Page - Casino Marbella","og_url":"https:\/\/casinomarbella.com\/en\/home\/stop-sms-2\/","og_site_name":"Casino Marbella","article_publisher":"https:\/\/www.facebook.com\/casinomarbella","article_modified_time":"2026-04-14T13:53:22+00:00","twitter_card":"summary_large_image","twitter_site":"@Casino_Marbella","twitter_misc":{"Est. reading time":"1 minute"},"schema":{"@context":"https:\/\/schema.org","@graph":[{"@type":"WebPage","@id":"https:\/\/casinomarbella.com\/home\/stop-sms-2","url":"https:\/\/casinomarbella.com\/home\/stop-sms-2","name":"Stop SMS - Thank you Page - Casino Marbella","isPartOf":{"@id":"https:\/\/casinomarbella.com\/en\/#website"},"datePublished":"2023-12-28T16:42:13+00:00","dateModified":"2026-04-14T13:53:22+00:00","breadcrumb":{"@id":"https:\/\/casinomarbella.com\/home\/stop-sms-2#breadcrumb"},"inLanguage":"en-US","potentialAction":[{"@type":"ReadAction","target":["https:\/\/casinomarbella.com\/home\/stop-sms-2"]}]},{"@type":"BreadcrumbList","@id":"https:\/\/casinomarbella.com\/home\/stop-sms-2#breadcrumb","itemListElement":[{"@type":"ListItem","position":1,"name":"Portada","item":"https:\/\/casinomarbella.com\/"},{"@type":"ListItem","position":2,"name":"Home","item":"https:\/\/casinomarbella.com\/"},{"@type":"ListItem","position":3,"name":"Stop SMS &#8211; Thank you Page"}]},{"@type":"WebSite","@id":"https:\/\/casinomarbella.com\/en\/#website","url":"https:\/\/casinomarbella.com\/en\/","name":"Casino Marbella","description":"More than just a gaming experience","publisher":{"@id":"https:\/\/casinomarbella.com\/en\/#organization"},"potentialAction":[{"@type":"SearchAction","target":{"@type":"EntryPoint","urlTemplate":"https:\/\/casinomarbella.com\/en\/?s={search_term_string}"},"query-input":{"@type":"PropertyValueSpecification","valueRequired":true,"valueName":"search_term_string"}}],"inLanguage":"en-US"},{"@type":"Organization","@id":"https:\/\/casinomarbella.com\/en\/#organization","name":"Casino Marbella","url":"https:\/\/casinomarbella.com\/en\/","logo":{"@type":"ImageObject","inLanguage":"en-US","@id":"https:\/\/casinomarbella.com\/en\/#\/schema\/logo\/image\/","url":"https:\/\/casinomarbella.com\/wp-content\/uploads\/2024\/01\/LOGO-CASINO-black-scaled.png","contentUrl":"https:\/\/casinomarbella.com\/wp-content\/uploads\/2024\/01\/LOGO-CASINO-black-scaled.png","width":2560,"height":1045,"caption":"Casino Marbella"},"image":{"@id":"https:\/\/casinomarbella.com\/en\/#\/schema\/logo\/image\/"},"sameAs":["https:\/\/www.facebook.com\/casinomarbella","https:\/\/x.com\/Casino_Marbella","https:\/\/www.instagram.com\/casinomarbella_\/","https:\/\/www.linkedin.com\/company\/casino-marbella?originalSubdomain=es"]}]}},"_links":{"self":[{"href":"https:\/\/casinomarbella.com\/en\/wp-json\/wp\/v2\/pages\/20896","targetHints":{"allow":["GET"]}}],"collection":[{"href":"https:\/\/casinomarbella.com\/en\/wp-json\/wp\/v2\/pages"}],"about":[{"href":"https:\/\/casinomarbella.com\/en\/wp-json\/wp\/v2\/types\/page"}],"author":[{"embeddable":true,"href":"https:\/\/casinomarbella.com\/en\/wp-json\/wp\/v2\/users\/1"}],"replies":[{"embeddable":true,"href":"https:\/\/casinomarbella.com\/en\/wp-json\/wp\/v2\/comments?post=20896"}],"version-history":[{"count":4,"href":"https:\/\/casinomarbella.com\/en\/wp-json\/wp\/v2\/pages\/20896\/revisions"}],"predecessor-version":[{"id":26379,"href":"https:\/\/casinomarbella.com\/en\/wp-json\/wp\/v2\/pages\/20896\/revisions\/26379"}],"up":[{"embeddable":true,"href":"https:\/\/casinomarbella.com\/en\/wp-json\/wp\/v2\/pages\/111"}],"wp:attachment":[{"href":"https:\/\/casinomarbella.com\/en\/wp-json\/wp\/v2\/media?parent=20896"}],"curies":[{"name":"wp","href":"https:\/\/api.w.org\/{rel}","templated":true}]}}