{"id":21722,"date":"2024-05-03T09:21:43","date_gmt":"2024-05-03T09:21:43","guid":{"rendered":"https:\/\/casinomarbella.com\/?page_id=21722"},"modified":"2026-04-14T11:18:17","modified_gmt":"2026-04-14T11:18:17","slug":"galerias","status":"publish","type":"page","link":"https:\/\/casinomarbella.com\/en\/galleries","title":{"rendered":"Galleries"},"content":{"rendered":"<div data-vide-bg=\"mp4: https:\/\/casinomarbella.com\/wp-content\/uploads\/2023\/12\/Main.mp4\" data-vide-options=\"posterType: none, loop: true, muted: true, position: 50% 50%, resizing: true\" class=\"row wpb_row row-fluid zindex no-row-padding full-width-row no-column-padding vc_custom_1703593042851 row-has-fill thb_video_bg\"><div class=\"wpb_column columns medium-12 thb-dark-column small-12\"><div class=\"vc_column-inner\"><div class=\"wpb_wrapper\"><div class=\"vc_empty_space\" id=\"thb-empty-space-69e88ad597bbf\"  style=\"height: 40vh\" ><span class=\"vc_empty_space_inner\"><\/span><\/div>\n<\/div><\/div><\/div><\/div><div class=\"row wpb_row row-fluid no-row-padding full-width-row vc_custom_1703865907676\"><div class=\"distance wpb_column columns medium-12 thb-light-column has-fill small-12\"><div class=\"vc_column-inner xlarge-shadow  vc_custom_1756374697203\" style=\"border-radius:2vh 2vh 2vh 2vh\"><div class=\"wpb_wrapper\"><div class=\"vc_empty_space\" id=\"thb-empty-space-69e88ad597ea0\"  style=\"height: 20vh\" ><span class=\"vc_empty_space_inner\"><\/span><\/div>\n<div class=\"vc_empty_space\" id=\"thb-empty-space-69e88ad597eff\"  style=\"height: 20vh\" ><span class=\"vc_empty_space_inner\"><\/span><\/div>\n<\/div><\/div><\/div><\/div><div class=\"row wpb_row row-fluid no-row-padding no-column-padding vc_custom_1703163564042 row-has-fill\"><div class=\"wpb_column columns medium-12 thb-dark-column small-12\"><div class=\"vc_column-inner\"><div class=\"wpb_wrapper\"><div class=\"row wpb_row vc_inner row-fluid max_width\"><div class=\"wpb_column columns medium-3 thb-dark-column small-12\"><div class=\"vc_column-inner\"><div class=\"wpb_wrapper\"><\/div><\/div><\/div><div class=\"wpb_column columns medium-6 thb-dark-column small-12\"><div class=\"vc_column-inner\"><div class=\"wpb_wrapper\"><div class=\"vc_empty_space\" id=\"thb-empty-space-69e88ad598656\"  style=\"height: 5vh\" ><span class=\"vc_empty_space_inner\"><\/span><\/div>\n\n\t<div class=\"wpb_text_column wpb_content_element\" >\n\t\t<div class=\"wpb_wrapper\">\n\t\t\t<h2 style=\"text-align: center;\">Discover Every Detail<\/h2>\n<p style=\"text-align: center;\">Discover Casino Marbella in images and videos through the galleries below.<\/p>\n\n\t\t<\/div>\n\t<\/div>\n<div class=\"vc_empty_space\" id=\"thb-empty-space-69e88ad5987b3\"  style=\"height: 30px\" ><span class=\"vc_empty_space_inner\"><\/span><\/div>\n<\/div><\/div><\/div><div class=\"wpb_column columns medium-3 thb-dark-column small-12\"><div class=\"vc_column-inner\"><div class=\"wpb_wrapper\"><\/div><\/div><\/div><\/div><\/div><\/div><\/div><\/div><div class=\"row wpb_row row-fluid distance no-row-padding full-width-row\"><div class=\"wpb_column columns medium-12 thb-dark-column small-12\"><div class=\"vc_column-inner\"><div class=\"wpb_wrapper\"><div class=\"row wpb_row vc_inner row-fluid\"><div class=\"wpb_column columns medium-6 thb-dark-column small-12\"><div class=\"vc_column-inner\"><div class=\"wpb_wrapper\">\t<div id=\"thb-fancy-box-69e88ad598d83\" class=\"thb-fancy-box xlarge-shadow fancy-light fancy-style6  thb-bottom-left    has-link\">\n\t\t\t\t<a href=\"https:\/\/casinomarbella.com\/galeria-de-imagenes\" class=\"thb-fancy-link\" target=\"_self\">\n\t\t\t\t\t\t\t<div class=\"button small style2 white pill-radius\"><span>+INFO<\/span><\/div>\n\t\t\t\t\t<\/a>\n\t\t\t\t<div class=\"thb-fancy-image-container\">\n\t\t\t<div class=\"thb-fancy-image\">\n\t\t\t\t<img loading=\"lazy\" decoding=\"async\" width=\"1140\" height=\"1930\" src=\"https:\/\/casinomarbella.com\/wp-content\/uploads\/2025\/06\/CASINO_100625-15-scaled-e1750861622553-1140x1930.jpg\" class=\"attachment-revolution-tall-x3 size-revolution-tall-x3\" alt=\"\" \/>\t\t\t<\/div>\n\t\t<\/div>\n\t\t\t\t<div class=\"thb-fancy-content\">\n\t\t\t\t\t\t<div class=\"thb-fancy-text-content\">\n\t\t\t\t\n<h4>Image gallery<\/h4>\n\t\t\t<\/div>\n\t\t<\/div>\n\t\t<style>\n\t\t\t#thb-fancy-box-69e88ad598d83,\n\t\t\t#thb-fancy-box-69e88ad598d83.fancy-style5 .thb-fancy-image-container,\n\t\t\t#thb-fancy-box-69e88ad598d83 .atvImg-container,\n\t\t\t#thb-fancy-box-69e88ad598d83 .atvImg-layers {\n\t\t\t\tmin-height: 500px;\n\t\t\t}\n\t\t\t\t\t\t\t#thb-fancy-box-69e88ad598d83,\n\t\t\t\t#thb-fancy-box-69e88ad598d83 .thb-fancy-image-container,\n\t\t\t\t#thb-fancy-box-69e88ad598d83 .thb-fancy-image,\n\t\t\t\t#thb-fancy-box-69e88ad598d83 .thb-fancy-image img,\n\t\t\t\t#thb-fancy-box-69e88ad598d83 .thb-fancy-content,\n\t\t\t\t#thb-fancy-box-69e88ad598d83 .thb-fancy-hover {\n\t\t\t\t\tborder-radius: 2vh;\n\t\t\t\t}\n\t\t\t\t\t\t\t\t\t\t\t\t\t\t\t\t\t\t\t\t\t<\/style>\n\t<\/div>\n\n\t<div class=\"vc_empty_space\" id=\"thb-empty-space-69e88ad59970e\"  style=\"height: 0vh\" ><span class=\"vc_empty_space_inner\"><\/span><\/div>\n<style>\n\t@media screen and (max-width: 640px) {\n\t\t#thb-empty-space-69e88ad59970e {\n\t\t\theight: 4vh !important;\n\t\t}\n\t}\n<\/style>\n\t<\/div><\/div><\/div><div class=\"wpb_column columns medium-6 thb-dark-column small-12\"><div class=\"vc_column-inner\"><div class=\"wpb_wrapper\">\t<div id=\"thb-fancy-box-69e88ad599866\" class=\"thb-fancy-box  fancy-light fancy-style6  thb-bottom-left    has-link\">\n\t\t\t\t<a href=\"https:\/\/casinomarbella.com\/video-instalaciones\" class=\"thb-fancy-link\" target=\"_self\">\n\t\t\t\t\t\t\t<div class=\"button small style2 white pill-radius\"><span>+INFO<\/span><\/div>\n\t\t\t\t\t<\/a>\n\t\t\t\t<div class=\"thb-fancy-image-container\">\n\t\t\t<div class=\"thb-fancy-image\">\n\t\t\t\t<img loading=\"lazy\" decoding=\"async\" width=\"1024\" height=\"684\" src=\"https:\/\/casinomarbella.com\/wp-content\/uploads\/2023\/12\/05_CSM_SalaMaquinas_ABR22-1024x684-1.jpg\" class=\"attachment-revolution-tall-x3 size-revolution-tall-x3\" alt=\"\" srcset=\"https:\/\/casinomarbella.com\/wp-content\/uploads\/2023\/12\/05_CSM_SalaMaquinas_ABR22-1024x684-1.jpg 1024w, https:\/\/casinomarbella.com\/wp-content\/uploads\/2023\/12\/05_CSM_SalaMaquinas_ABR22-1024x684-1-600x401.jpg 600w, https:\/\/casinomarbella.com\/wp-content\/uploads\/2023\/12\/05_CSM_SalaMaquinas_ABR22-1024x684-1-300x200.jpg 300w, https:\/\/casinomarbella.com\/wp-content\/uploads\/2023\/12\/05_CSM_SalaMaquinas_ABR22-1024x684-1-768x513.jpg 768w, https:\/\/casinomarbella.com\/wp-content\/uploads\/2023\/12\/05_CSM_SalaMaquinas_ABR22-1024x684-1-380x254.jpg 380w, https:\/\/casinomarbella.com\/wp-content\/uploads\/2023\/12\/05_CSM_SalaMaquinas_ABR22-1024x684-1-190x127.jpg 190w, https:\/\/casinomarbella.com\/wp-content\/uploads\/2023\/12\/05_CSM_SalaMaquinas_ABR22-1024x684-1-760x508.jpg 760w, https:\/\/casinomarbella.com\/wp-content\/uploads\/2023\/12\/05_CSM_SalaMaquinas_ABR22-1024x684-1-20x13.jpg 20w\" sizes=\"auto, (max-width: 1024px) 100vw, 1024px\" \/>\t\t\t<\/div>\n\t\t<\/div>\n\t\t\t\t<div class=\"thb-fancy-content\">\n\t\t\t\t\t\t<div class=\"thb-fancy-text-content\">\n\t\t\t\t\n<h4>V\u00eddeo Instalaciones<\/h4>\n\t\t\t<\/div>\n\t\t<\/div>\n\t\t<style>\n\t\t\t#thb-fancy-box-69e88ad599866,\n\t\t\t#thb-fancy-box-69e88ad599866.fancy-style5 .thb-fancy-image-container,\n\t\t\t#thb-fancy-box-69e88ad599866 .atvImg-container,\n\t\t\t#thb-fancy-box-69e88ad599866 .atvImg-layers {\n\t\t\t\tmin-height: 500px;\n\t\t\t}\n\t\t\t\t\t\t\t#thb-fancy-box-69e88ad599866,\n\t\t\t\t#thb-fancy-box-69e88ad599866 .thb-fancy-image-container,\n\t\t\t\t#thb-fancy-box-69e88ad599866 .thb-fancy-image,\n\t\t\t\t#thb-fancy-box-69e88ad599866 .thb-fancy-image img,\n\t\t\t\t#thb-fancy-box-69e88ad599866 .thb-fancy-content,\n\t\t\t\t#thb-fancy-box-69e88ad599866 .thb-fancy-hover {\n\t\t\t\t\tborder-radius: 2vh;\n\t\t\t\t}\n\t\t\t\t\t\t\t\t\t\t\t\t\t\t\t\t\t\t\t\t\t<\/style>\n\t<\/div>\n\n\t<div class=\"vc_empty_space\" id=\"thb-empty-space-69e88ad599deb\"  style=\"height: 0vh\" ><span class=\"vc_empty_space_inner\"><\/span><\/div>\n<style>\n\t@media screen and (max-width: 640px) {\n\t\t#thb-empty-space-69e88ad599deb {\n\t\t\theight: 4vh !important;\n\t\t}\n\t}\n<\/style>\n\t<\/div><\/div><\/div><\/div><\/div><\/div><\/div><\/div><div class=\"row wpb_row row-fluid\"><div class=\"wpb_column columns medium-12 thb-dark-column small-12\"><div class=\"vc_column-inner\"><div class=\"wpb_wrapper\"><div class=\"vc_empty_space\" id=\"thb-empty-space-69e88ad59a13c\"  style=\"height: 4vh\" ><span class=\"vc_empty_space_inner\"><\/span><\/div>\n<\/div><\/div><\/div><\/div>","protected":false},"excerpt":{"rendered":"Explora Cada Rinc\u00f3n Descubre Casino Marbella en im\u00e1genes y v\u00eddeos a trav\u00e9s de las galer\u00edas a continuaci\u00f3n. +INFO Galer\u00eda de im\u00e1genes +INFO V\u00eddeo Instalaciones","protected":false},"author":1,"featured_media":26104,"parent":0,"menu_order":0,"comment_status":"closed","ping_status":"closed","template":"","meta":{"inline_featured_image":false,"footnotes":"","_links_to":"","_links_to_target":""},"class_list":["post-21722","page","type-page","status-publish","has-post-thumbnail","hentry"],"yoast_head":"<!-- This site is optimized with the Yoast SEO plugin v27.1.1 - https:\/\/yoast.com\/product\/yoast-seo-wordpress\/ -->\n<title>Galer\u00edas - Casino Marbella<\/title>\n<meta name=\"description\" content=\"Accede a las galer\u00edas de Casino Marbella y descubre im\u00e1genes, videos de instalaciones, eventos, experiencias y espacios exclusivos del Casino.\" \/>\n<meta name=\"robots\" content=\"index, follow, max-snippet:-1, max-image-preview:large, max-video-preview:-1\" \/>\n<link rel=\"canonical\" href=\"https:\/\/casinomarbella.com\/en\/galleries\/\" \/>\n<meta property=\"og:locale\" content=\"en_US\" \/>\n<meta property=\"og:type\" content=\"article\" \/>\n<meta property=\"og:title\" content=\"Galer\u00edas - Casino Marbella\" \/>\n<meta property=\"og:description\" content=\"Accede a las galer\u00edas de Casino Marbella y descubre im\u00e1genes, videos de instalaciones, eventos, experiencias y espacios exclusivos del Casino.\" \/>\n<meta property=\"og:url\" content=\"https:\/\/casinomarbella.com\/en\/galleries\/\" \/>\n<meta property=\"og:site_name\" content=\"Casino Marbella\" \/>\n<meta property=\"article:publisher\" content=\"https:\/\/www.facebook.com\/casinomarbella\" \/>\n<meta property=\"article:modified_time\" content=\"2026-04-14T11:18:17+00:00\" \/>\n<meta property=\"og:image\" content=\"https:\/\/casinomarbella.com\/wp-content\/uploads\/2023\/12\/CASINO_170625-17_V2-1-scaled.jpg\" \/>\n\t<meta property=\"og:image:width\" content=\"1932\" \/>\n\t<meta property=\"og:image:height\" content=\"2560\" \/>\n\t<meta property=\"og:image:type\" content=\"image\/jpeg\" \/>\n<meta name=\"twitter:card\" content=\"summary_large_image\" \/>\n<meta name=\"twitter:site\" content=\"@Casino_Marbella\" \/>\n<meta name=\"twitter:label1\" content=\"Est. reading time\" \/>\n\t<meta name=\"twitter:data1\" content=\"1 minute\" \/>\n<script type=\"application\/ld+json\" class=\"yoast-schema-graph\">{\"@context\":\"https:\/\/schema.org\",\"@graph\":[{\"@type\":\"WebPage\",\"@id\":\"https:\/\/casinomarbella.com\/galerias\",\"url\":\"https:\/\/casinomarbella.com\/galerias\",\"name\":\"Galer\u00edas - Casino Marbella\",\"isPartOf\":{\"@id\":\"https:\/\/casinomarbella.com\/en\/#website\"},\"primaryImageOfPage\":{\"@id\":\"https:\/\/casinomarbella.com\/galerias#primaryimage\"},\"image\":{\"@id\":\"https:\/\/casinomarbella.com\/galerias#primaryimage\"},\"thumbnailUrl\":\"https:\/\/casinomarbella.com\/wp-content\/uploads\/2023\/12\/CASINO_170625-17_V2-1-scaled.jpg\",\"datePublished\":\"2024-05-03T09:21:43+00:00\",\"dateModified\":\"2026-04-14T11:18:17+00:00\",\"description\":\"Accede a las galer\u00edas de Casino Marbella y descubre im\u00e1genes, videos de instalaciones, eventos, experiencias y espacios exclusivos del Casino.\",\"breadcrumb\":{\"@id\":\"https:\/\/casinomarbella.com\/galerias#breadcrumb\"},\"inLanguage\":\"en-US\",\"potentialAction\":[{\"@type\":\"ReadAction\",\"target\":[\"https:\/\/casinomarbella.com\/galerias\"]}]},{\"@type\":\"ImageObject\",\"inLanguage\":\"en-US\",\"@id\":\"https:\/\/casinomarbella.com\/galerias#primaryimage\",\"url\":\"https:\/\/casinomarbella.com\/wp-content\/uploads\/2023\/12\/CASINO_170625-17_V2-1-scaled.jpg\",\"contentUrl\":\"https:\/\/casinomarbella.com\/wp-content\/uploads\/2023\/12\/CASINO_170625-17_V2-1-scaled.jpg\",\"width\":1932,\"height\":2560},{\"@type\":\"BreadcrumbList\",\"@id\":\"https:\/\/casinomarbella.com\/galerias#breadcrumb\",\"itemListElement\":[{\"@type\":\"ListItem\",\"position\":1,\"name\":\"Portada\",\"item\":\"https:\/\/casinomarbella.com\/\"},{\"@type\":\"ListItem\",\"position\":2,\"name\":\"Galer\u00edas\"}]},{\"@type\":\"WebSite\",\"@id\":\"https:\/\/casinomarbella.com\/en\/#website\",\"url\":\"https:\/\/casinomarbella.com\/en\/\",\"name\":\"Casino Marbella\",\"description\":\"More than just a gaming experience\",\"publisher\":{\"@id\":\"https:\/\/casinomarbella.com\/en\/#organization\"},\"potentialAction\":[{\"@type\":\"SearchAction\",\"target\":{\"@type\":\"EntryPoint\",\"urlTemplate\":\"https:\/\/casinomarbella.com\/en\/?s={search_term_string}\"},\"query-input\":{\"@type\":\"PropertyValueSpecification\",\"valueRequired\":true,\"valueName\":\"search_term_string\"}}],\"inLanguage\":\"en-US\"},{\"@type\":\"Organization\",\"@id\":\"https:\/\/casinomarbella.com\/en\/#organization\",\"name\":\"Casino Marbella\",\"url\":\"https:\/\/casinomarbella.com\/en\/\",\"logo\":{\"@type\":\"ImageObject\",\"inLanguage\":\"en-US\",\"@id\":\"https:\/\/casinomarbella.com\/en\/#\/schema\/logo\/image\/\",\"url\":\"https:\/\/casinomarbella.com\/wp-content\/uploads\/2024\/01\/LOGO-CASINO-black-scaled.png\",\"contentUrl\":\"https:\/\/casinomarbella.com\/wp-content\/uploads\/2024\/01\/LOGO-CASINO-black-scaled.png\",\"width\":2560,\"height\":1045,\"caption\":\"Casino Marbella\"},\"image\":{\"@id\":\"https:\/\/casinomarbella.com\/en\/#\/schema\/logo\/image\/\"},\"sameAs\":[\"https:\/\/www.facebook.com\/casinomarbella\",\"https:\/\/x.com\/Casino_Marbella\",\"https:\/\/www.instagram.com\/casinomarbella_\/\",\"https:\/\/www.linkedin.com\/company\/casino-marbella?originalSubdomain=es\"]}]}<\/script>\n<!-- \/ Yoast SEO plugin. -->","yoast_head_json":{"title":"Galer\u00edas - Casino Marbella","description":"Accede a las galer\u00edas de Casino Marbella y descubre im\u00e1genes, videos de instalaciones, eventos, experiencias y espacios exclusivos del Casino.","robots":{"index":"index","follow":"follow","max-snippet":"max-snippet:-1","max-image-preview":"max-image-preview:large","max-video-preview":"max-video-preview:-1"},"canonical":"https:\/\/casinomarbella.com\/en\/galleries\/","og_locale":"en_US","og_type":"article","og_title":"Galer\u00edas - Casino Marbella","og_description":"Accede a las galer\u00edas de Casino Marbella y descubre im\u00e1genes, videos de instalaciones, eventos, experiencias y espacios exclusivos del Casino.","og_url":"https:\/\/casinomarbella.com\/en\/galleries\/","og_site_name":"Casino Marbella","article_publisher":"https:\/\/www.facebook.com\/casinomarbella","article_modified_time":"2026-04-14T11:18:17+00:00","og_image":[{"width":1932,"height":2560,"url":"https:\/\/casinomarbella.com\/wp-content\/uploads\/2023\/12\/CASINO_170625-17_V2-1-scaled.jpg","type":"image\/jpeg"}],"twitter_card":"summary_large_image","twitter_site":"@Casino_Marbella","twitter_misc":{"Est. reading time":"1 minute"},"schema":{"@context":"https:\/\/schema.org","@graph":[{"@type":"WebPage","@id":"https:\/\/casinomarbella.com\/galerias","url":"https:\/\/casinomarbella.com\/galerias","name":"Galer\u00edas - Casino Marbella","isPartOf":{"@id":"https:\/\/casinomarbella.com\/en\/#website"},"primaryImageOfPage":{"@id":"https:\/\/casinomarbella.com\/galerias#primaryimage"},"image":{"@id":"https:\/\/casinomarbella.com\/galerias#primaryimage"},"thumbnailUrl":"https:\/\/casinomarbella.com\/wp-content\/uploads\/2023\/12\/CASINO_170625-17_V2-1-scaled.jpg","datePublished":"2024-05-03T09:21:43+00:00","dateModified":"2026-04-14T11:18:17+00:00","description":"Accede a las galer\u00edas de Casino Marbella y descubre im\u00e1genes, videos de instalaciones, eventos, experiencias y espacios exclusivos del Casino.","breadcrumb":{"@id":"https:\/\/casinomarbella.com\/galerias#breadcrumb"},"inLanguage":"en-US","potentialAction":[{"@type":"ReadAction","target":["https:\/\/casinomarbella.com\/galerias"]}]},{"@type":"ImageObject","inLanguage":"en-US","@id":"https:\/\/casinomarbella.com\/galerias#primaryimage","url":"https:\/\/casinomarbella.com\/wp-content\/uploads\/2023\/12\/CASINO_170625-17_V2-1-scaled.jpg","contentUrl":"https:\/\/casinomarbella.com\/wp-content\/uploads\/2023\/12\/CASINO_170625-17_V2-1-scaled.jpg","width":1932,"height":2560},{"@type":"BreadcrumbList","@id":"https:\/\/casinomarbella.com\/galerias#breadcrumb","itemListElement":[{"@type":"ListItem","position":1,"name":"Portada","item":"https:\/\/casinomarbella.com\/"},{"@type":"ListItem","position":2,"name":"Galer\u00edas"}]},{"@type":"WebSite","@id":"https:\/\/casinomarbella.com\/en\/#website","url":"https:\/\/casinomarbella.com\/en\/","name":"Casino Marbella","description":"More than just a gaming experience","publisher":{"@id":"https:\/\/casinomarbella.com\/en\/#organization"},"potentialAction":[{"@type":"SearchAction","target":{"@type":"EntryPoint","urlTemplate":"https:\/\/casinomarbella.com\/en\/?s={search_term_string}"},"query-input":{"@type":"PropertyValueSpecification","valueRequired":true,"valueName":"search_term_string"}}],"inLanguage":"en-US"},{"@type":"Organization","@id":"https:\/\/casinomarbella.com\/en\/#organization","name":"Casino Marbella","url":"https:\/\/casinomarbella.com\/en\/","logo":{"@type":"ImageObject","inLanguage":"en-US","@id":"https:\/\/casinomarbella.com\/en\/#\/schema\/logo\/image\/","url":"https:\/\/casinomarbella.com\/wp-content\/uploads\/2024\/01\/LOGO-CASINO-black-scaled.png","contentUrl":"https:\/\/casinomarbella.com\/wp-content\/uploads\/2024\/01\/LOGO-CASINO-black-scaled.png","width":2560,"height":1045,"caption":"Casino Marbella"},"image":{"@id":"https:\/\/casinomarbella.com\/en\/#\/schema\/logo\/image\/"},"sameAs":["https:\/\/www.facebook.com\/casinomarbella","https:\/\/x.com\/Casino_Marbella","https:\/\/www.instagram.com\/casinomarbella_\/","https:\/\/www.linkedin.com\/company\/casino-marbella?originalSubdomain=es"]}]}},"_links":{"self":[{"href":"https:\/\/casinomarbella.com\/en\/wp-json\/wp\/v2\/pages\/21722","targetHints":{"allow":["GET"]}}],"collection":[{"href":"https:\/\/casinomarbella.com\/en\/wp-json\/wp\/v2\/pages"}],"about":[{"href":"https:\/\/casinomarbella.com\/en\/wp-json\/wp\/v2\/types\/page"}],"author":[{"embeddable":true,"href":"https:\/\/casinomarbella.com\/en\/wp-json\/wp\/v2\/users\/1"}],"replies":[{"embeddable":true,"href":"https:\/\/casinomarbella.com\/en\/wp-json\/wp\/v2\/comments?post=21722"}],"version-history":[{"count":12,"href":"https:\/\/casinomarbella.com\/en\/wp-json\/wp\/v2\/pages\/21722\/revisions"}],"predecessor-version":[{"id":26124,"href":"https:\/\/casinomarbella.com\/en\/wp-json\/wp\/v2\/pages\/21722\/revisions\/26124"}],"wp:featuredmedia":[{"embeddable":true,"href":"https:\/\/casinomarbella.com\/en\/wp-json\/wp\/v2\/media\/26104"}],"wp:attachment":[{"href":"https:\/\/casinomarbella.com\/en\/wp-json\/wp\/v2\/media?parent=21722"}],"curies":[{"name":"wp","href":"https:\/\/api.w.org\/{rel}","templated":true}]}}