{"id":21894,"date":"2024-07-08T13:29:04","date_gmt":"2024-07-08T13:29:04","guid":{"rendered":"https:\/\/casinomarbella.com\/?page_id=21894"},"modified":"2026-04-17T10:34:48","modified_gmt":"2026-04-17T10:34:48","slug":"politica-de-privacidad","status":"publish","type":"page","link":"https:\/\/casinomarbella.com\/en\/privacy-policy","title":{"rendered":"Privacy Policy"},"content":{"rendered":"<div class=\"row wpb_row row-fluid\"><div class=\"wpb_column columns medium-12 thb-dark-column small-12\"><div class=\"vc_column-inner\"><div class=\"wpb_wrapper\">\n\t<div class=\"wpb_text_column wpb_content_element\" >\n\t\t<div class=\"wpb_wrapper\">\n\t\t\t<h1>Privacy Policy<\/h1>\n\n\t\t<\/div>\n\t<\/div>\n<\/div><\/div><\/div><\/div><div class=\"row wpb_row row-fluid\"><div class=\"wpb_column columns medium-12 thb-dark-column small-12\"><div class=\"vc_column-inner\"><div class=\"wpb_wrapper\">\n\t<div class=\"wpb_text_column wpb_content_element\" >\n\t\t<div class=\"wpb_wrapper\">\n\t\t\t<p>CASINO NUEVA ANDALUCIA MARBELLA, S.A. (hereinafter, \u201cCasino Marbella\u201d or \u201cthe Casino\u201d) wishes to inform users of the website https:\/\/casinomarbella.com\/ (hereinafter, the \u201cWebsite\u201d) and Casino clients of the following information regarding data protection (hereinafter, the \u201cPrivacy Policy\u201d).<\/p>\n<p><strong>1. WHO IS THE DATA CONTROLLER AND HOW CAN YOU CONTACT US?<\/strong><br \/>\nThe Data Controller is CASINO NUEVA ANDALUCIA MARBELLA, S.A., incorporated in accordance with Spanish law, holding Tax Identification Number A29043064, with registered office at Edificio Hard Rock Hotel Marbella, Ctra. A-7 Km. 1.051, 29660, Marbella, M\u00e1laga, Spain.<br \/>\nData subjects are hereby informed that, for commercial communications described in processing activity number 3 of this policy, all companies described in Annex 1 shall act as joint data controllers of their personal data.<br \/>\nShould Clients have any questions regarding the processing of their personal data, they may contact our Data Protection Officer at the following email address: protecciondedatos@cirsa.com.<\/p>\n<p><strong>2. WHAT IS PERSONAL DATA AND WHAT IS DATA PROCESSING?<\/strong><br \/>\nPersonal data is any information relating to an identified or identifiable natural person. An identifiable natural person is one whose identity can be determined, directly or indirectly, in particular by reference to an identifier, such as a name, identification number, location data, online identifier, or one or more elements specific to the physical, physiological, economic, cultural, or social identity of that person.<br \/>\nProcessing of personal data refers to any operation or set of operations performed on personal data, such as collection, recording, storage, use, and communication.<\/p>\n<p><strong>3. THROUGH WHICH CHANNELS DO WE COLLECT PERSONAL DATA?<\/strong><br \/>\nWe collect Clients\u2019 personal data through the following channels:<br \/>\n\u2022 Through the Casino access process:<br \/>\no By providing a personal identification document issued by a governmental authority.<br \/>\no By completing the admission and access form.<br \/>\no Through video surveillance systems installed at our premises.<br \/>\no Through the channel provided by the relevant Autonomous Community regarding registration data of banned individuals.<br \/>\n\u2022 Through the process of contracting our products and\/or services;<br \/>\n\u2022 Through the registration form to create a Casino Marbella account;<br \/>\n\u2022 Through the subscription form for our newsletter;<br \/>\n\u2022 Through video surveillance systems;<br \/>\n\u2022 Through requests for information and, where applicable, booking and subsequent contracting of tables or Casino spaces via the relevant form;<br \/>\n\u2022 Through participation forms for promotional actions such as contests and prize draws;<br \/>\n\u2022 By submitting a job application via the designated form or email address;<br \/>\n\u2022 Through the User Support contact form;<br \/>\n\u2022 Through the contact form and other customer service channels (email, SMS, and WhatsApp);<br \/>\n\u2022 Through interaction with, use of, and navigation of the Website. Browsing and usage data is collected through data storage and retrieval systems such as cookies. Clients may find more information in our Cookie Policy [GS1.1].<\/p>\n<p><strong>4. WHAT PERSONAL DATA DO WE PROCESS AND WHAT PROCESSING ACTIVITIES DO WE CARRY OUT?<\/strong><br \/>\nTo comply with legally required information obligations, we provide individualized details for each processing activity in the tables below, specifying purposes, data processed, legal basis, and objectives.<\/p>\n<p><em>1. Admission and Access Control<\/em><br \/>\nPURPOSES:<br \/>\n\u2022 Compliance with regulations governing access to casinos.<br \/>\n\u2022 Monitoring admission, stay, premises, and access in accordance with applicable Autonomous Community legislation.<br \/>\n\u2022 Preventing access by minors, individuals included in the register of persons banned from gambling establishments, or others prohibited under applicable legislation.<br \/>\nPERSONAL DATA PROCESSED:<br \/>\n\u2022 Identification data: full name, complete address, identification document number, customer file number, issue date, and validity period.<br \/>\n\u2022 Identification data associated with gambling bans.<br \/>\n\u2022 Contact details: email address and\/or mobile phone number.<br \/>\n\u2022 Other identification data: signature and biometric signature data.<br \/>\nLEGAL BASIS:<br \/>\n\u2022 Compliance with a legal obligation applicable to the Data Controller.<\/p>\n<p><em>2. Management and Execution of the Contractual Relationship with Clients<\/em><br \/>\nPURPOSES:<br \/>\n\u2022 Proper processing of contracting and payment of products and\/or services.<br \/>\n\u2022 Management of incidents and returns.<br \/>\n\u2022 Provision of customer service through available channels.<br \/>\n\u2022 Sending communications related to contracted products and\/or services.<br \/>\n\u2022 Compliance with legal obligations.<br \/>\n\u2022 Fraud detection and prevention.<br \/>\n\u2022 Legal defense of Casino interests and rights.<br \/>\n\u2022 Handling information requests, complaints, and claims.<br \/>\nPERSONAL DATA PROCESSED:<br \/>\n\u2022 Identification data: full name.<br \/>\n\u2022 Contact details: email address and phone number.<br \/>\n\u2022 Social data: full address and date of birth.<br \/>\n\u2022 Contract-related data: purchase history, claims, and refunds.<br \/>\n\u2022 Financial data: payment method details.<br \/>\n\u2022 Any other information provided through purchase forms or contact channels.<br \/>\nLEGAL BASIS:<br \/>\n\u2022 Performance of a contract (Terms and Conditions).<br \/>\n\u2022 Compliance with legal obligations.<\/p>\n<p><em>3. Video Surveillance<\/em><br \/>\nPURPOSES:<br \/>\n\u2022 Ensuring personal and property security throughout the premises.<br \/>\nPERSONAL DATA PROCESSED:<br \/>\n\u2022 Identification data: image.<br \/>\nLEGAL BASIS:<br \/>\n\u2022 Protection of vital interests.<br \/>\n\u2022 Mission carried out in the public interest.<br \/>\n\u2022 Compliance with legal obligations, including Royal Decree 2364\/1994 and Order INT 317\/2011.<\/p>\n<p><em>4. Client Account Registration and Management<\/em><br \/>\nPURPOSES:<br \/>\n\u2022 Registration and deregistration of client accounts.<br \/>\n\u2022 Account and profile management.<br \/>\n\u2022 Enabling use of account functionalities.<br \/>\n\u2022 Password recovery and account support.<br \/>\n\u2022 Fraud prevention.<br \/>\n\u2022 Compliance with legal obligations.<br \/>\nPERSONAL DATA PROCESSED:<br \/>\n\u2022 Identification data: full name.<br \/>\n\u2022 Contact details: email address and phone number.<br \/>\n\u2022 Social data: full address and date of birth.<br \/>\nLEGAL BASIS:<br \/>\n\u2022 Client consent.<\/p>\n<p><em>5. Reservation and Private Event Management<\/em><br \/>\nPURPOSES:<br \/>\n\u2022 Proper provision of reservation services.<br \/>\n\u2022 Incident and inquiry management.<br \/>\n\u2022 Legal compliance.<br \/>\nPERSONAL DATA PROCESSED:<br \/>\n\u2022 Identification data: full name.<br \/>\n\u2022 Contact details: email and phone number.<br \/>\n\u2022 Reservation\/event details: date, time, number of attendees, estimated budget.<br \/>\n\u2022 Financial data (only if contracting occurs).<br \/>\n\u2022 Any additional information provided.<br \/>\nLEGAL BASIS:<br \/>\n\u2022 Pre-contractual measures and contract execution.<br \/>\n\u2022 Legitimate interest.<\/p>\n<p><em>6. Management of Promotional Activities<\/em><br \/>\nPURPOSES:<br \/>\n\u2022 Managing participation in promotions and prize delivery.<br \/>\n\u2022 Managing incidents and claims.<br \/>\n\u2022 Fraud prevention.<br \/>\n\u2022 Compliance with legal obligations.<br \/>\nPERSONAL DATA PROCESSED:<br \/>\n\u2022 Identification data: full name.<br \/>\n\u2022 Contact details: email and phone.<br \/>\n\u2022 Promotional participation data.<br \/>\n\u2022 Additional information provided by participants.<br \/>\nLEGAL BASIS:<br \/>\n\u2022 Execution of contractual terms (promotion rules).<br \/>\n\u2022 Compliance with legal obligations.<\/p>\n<p><em>7. Job Application Management<\/em><br \/>\nPURPOSES:<br \/>\n\u2022 Evaluation and possible hiring of candidates.<br \/>\n\u2022 Management of employment relationship if hired.<br \/>\nPERSONAL DATA PROCESSED:<br \/>\n\u2022 Identification data: full name.<br \/>\n\u2022 Contact details: email and phone number.<br \/>\n\u2022 Professional data: r\u00e9sum\u00e9\/CV.<br \/>\n\u2022 Additional candidate information.<br \/>\nLEGAL BASIS:<br \/>\n\u2022 Pre-contractual measures and employment contract execution.<\/p>\n<p><em>8. Gambling Analysis for Fraud, Money Laundering, and Terrorism Financing Prevention<\/em><br \/>\nPURPOSES:<br \/>\n\u2022 Identity and payment method verification.<br \/>\n\u2022 Fraud detection and investigation.<br \/>\n\u2022 Casino security.<br \/>\n\u2022 Mandatory reporting to regulatory authorities.<br \/>\nPERSONAL DATA PROCESSED:<br \/>\n\u2022 Identification documents.<br \/>\n\u2022 Gambling ban-related data.<br \/>\n\u2022 Visit frequency and dates.<br \/>\n\u2022 Gambling transaction data.<br \/>\n\u2022 Payment method data.<br \/>\n\u2022 Risk and compliance analysis (using public and private sources).<br \/>\nLEGAL BASIS:<br \/>\n\u2022 Compliance with Law 10\/2010, Royal Decree 304\/2014, and Law 11\/2021.<\/p>\n<p><em>9. Customer Service<\/em><br \/>\nPURPOSES:<br \/>\n\u2022 Handling information requests and inquiries.<br \/>\n\u2022 Managing complaints and claims.<br \/>\nPERSONAL DATA PROCESSED:<br \/>\n\u2022 Identification data: name.<br \/>\n\u2022 Contact details: email and phone number.<br \/>\n\u2022 Additional information provided.<br \/>\nLEGAL BASIS:<br \/>\n\u2022 Contract execution or pre-contractual measures.<br \/>\n\u2022 Legal obligations.<\/p>\n<p><strong>5. HOW LONG WILL WE KEEP PERSONAL DATA?<\/strong><br \/>\n\u2022 Personal data will be processed as long as necessary for the stated purposes.<br \/>\n\u2022 Afterward, data will be blocked and retained for legally required periods.<br \/>\n\u2022 Upon expiration, data will be anonymized or deleted.<\/p>\n<p><strong>6. WHAT DATA PROTECTION RIGHTS CAN CLIENTS EXERCISE?<\/strong><br \/>\nClients may exercise rights of access, rectification, objection, erasure, data portability, and restriction of processing by contacting protecciondedatos@cirsa.com.<br \/>\nIf dissatisfied, Clients may lodge a complaint with the Spanish Data Protection Agency (AEPD) at http:\/\/www.aepd.es.<\/p>\n<p><strong>7. TO WHOM DO WE DISCLOSE DATA?<\/strong><br \/>\nPersonal data may be disclosed to payment platforms, banks, legal authorities, regulators, and security bodies where legally required or justified.<\/p>\n<p><strong>8. WHO MAY ACCESS CLIENTS\u2019 PERSONAL DATA?<\/strong><br \/>\nAuthorized service providers acting as Data Processors under confidentiality and security agreements.<\/p>\n<p><strong>9. ARE THE DATA SECURE?<\/strong><br \/>\nWe implement technical and organizational measures to ensure data security. Data are stored on secure servers and are not transferred outside the European Economic Area.<\/p>\n<p><strong>10. CHANGES TO THIS PRIVACY POLICY<\/strong><br \/>\nThis Privacy Policy may be updated to reflect legal or regulatory changes.<\/p>\n<p>Latest version: April 17, 2026.<\/p>\n\n\t\t<\/div>\n\t<\/div>\n<\/div><\/div><\/div><\/div>","protected":false},"excerpt":{"rendered":"Pol\u00edtica de Privacidad CASINO NUEVA ANDALUCIA MARBELLA, S.A. (hereinafter, \u201cCasino Marbella\u201d or \u201cthe Casino\u201d) wishes to inform users of the website https:\/\/casinomarbella.com\/ (hereinafter, the \u201cWebsite\u201d) and Casino clients of the following information regarding data protection (hereinafter, the \u201cPrivacy Policy\u201d). 1. WHO IS THE DATA CONTROLLER AND HOW CAN YOU CONTACT US? The Data Controller is&hellip;","protected":false},"author":1,"featured_media":0,"parent":0,"menu_order":0,"comment_status":"closed","ping_status":"closed","template":"","meta":{"inline_featured_image":false,"footnotes":"","_links_to":"","_links_to_target":""},"class_list":["post-21894","page","type-page","status-publish","hentry"],"yoast_head":"<!-- This site is optimized with the Yoast SEO plugin v27.1.1 - https:\/\/yoast.com\/product\/yoast-seo-wordpress\/ -->\n<title>Pol\u00edtica de Privacidad - Casino Marbella<\/title>\n<meta name=\"description\" content=\"Consulta la pol\u00edtica de privacidad de Casino Marbella y conoce c\u00f3mo se tratan y protegen tus datos personales conforme a la normativa vigente.\" \/>\n<meta name=\"robots\" content=\"index, follow, max-snippet:-1, max-image-preview:large, max-video-preview:-1\" \/>\n<link rel=\"canonical\" href=\"https:\/\/casinomarbella.com\/en\/privacy-policy\/\" \/>\n<meta property=\"og:locale\" content=\"en_US\" \/>\n<meta property=\"og:type\" content=\"article\" \/>\n<meta property=\"og:title\" content=\"Pol\u00edtica de Privacidad - Casino Marbella\" \/>\n<meta property=\"og:description\" content=\"Consulta la pol\u00edtica de privacidad de Casino Marbella y conoce c\u00f3mo se tratan y protegen tus datos personales conforme a la normativa vigente.\" \/>\n<meta property=\"og:url\" content=\"https:\/\/casinomarbella.com\/en\/privacy-policy\/\" \/>\n<meta property=\"og:site_name\" content=\"Casino Marbella\" \/>\n<meta property=\"article:publisher\" content=\"https:\/\/www.facebook.com\/casinomarbella\" \/>\n<meta property=\"article:modified_time\" content=\"2026-04-17T10:34:48+00:00\" \/>\n<meta name=\"twitter:card\" content=\"summary_large_image\" \/>\n<meta name=\"twitter:site\" content=\"@Casino_Marbella\" \/>\n<meta name=\"twitter:label1\" content=\"Est. reading time\" \/>\n\t<meta name=\"twitter:data1\" content=\"35 minutes\" \/>\n<script type=\"application\/ld+json\" class=\"yoast-schema-graph\">{\"@context\":\"https:\/\/schema.org\",\"@graph\":[{\"@type\":\"WebPage\",\"@id\":\"https:\/\/casinomarbella.com\/politica-de-privacidad\",\"url\":\"https:\/\/casinomarbella.com\/politica-de-privacidad\",\"name\":\"Pol\u00edtica de Privacidad - Casino Marbella\",\"isPartOf\":{\"@id\":\"https:\/\/casinomarbella.com\/en\/#website\"},\"datePublished\":\"2024-07-08T13:29:04+00:00\",\"dateModified\":\"2026-04-17T10:34:48+00:00\",\"description\":\"Consulta la pol\u00edtica de privacidad de Casino Marbella y conoce c\u00f3mo se tratan y protegen tus datos personales conforme a la normativa vigente.\",\"breadcrumb\":{\"@id\":\"https:\/\/casinomarbella.com\/politica-de-privacidad#breadcrumb\"},\"inLanguage\":\"en-US\",\"potentialAction\":[{\"@type\":\"ReadAction\",\"target\":[\"https:\/\/casinomarbella.com\/politica-de-privacidad\"]}]},{\"@type\":\"BreadcrumbList\",\"@id\":\"https:\/\/casinomarbella.com\/politica-de-privacidad#breadcrumb\",\"itemListElement\":[{\"@type\":\"ListItem\",\"position\":1,\"name\":\"Portada\",\"item\":\"https:\/\/casinomarbella.com\/\"},{\"@type\":\"ListItem\",\"position\":2,\"name\":\"Pol\u00edtica de Privacidad\"}]},{\"@type\":\"WebSite\",\"@id\":\"https:\/\/casinomarbella.com\/en\/#website\",\"url\":\"https:\/\/casinomarbella.com\/en\/\",\"name\":\"Casino Marbella\",\"description\":\"More than just a gaming experience\",\"publisher\":{\"@id\":\"https:\/\/casinomarbella.com\/en\/#organization\"},\"potentialAction\":[{\"@type\":\"SearchAction\",\"target\":{\"@type\":\"EntryPoint\",\"urlTemplate\":\"https:\/\/casinomarbella.com\/en\/?s={search_term_string}\"},\"query-input\":{\"@type\":\"PropertyValueSpecification\",\"valueRequired\":true,\"valueName\":\"search_term_string\"}}],\"inLanguage\":\"en-US\"},{\"@type\":\"Organization\",\"@id\":\"https:\/\/casinomarbella.com\/en\/#organization\",\"name\":\"Casino Marbella\",\"url\":\"https:\/\/casinomarbella.com\/en\/\",\"logo\":{\"@type\":\"ImageObject\",\"inLanguage\":\"en-US\",\"@id\":\"https:\/\/casinomarbella.com\/en\/#\/schema\/logo\/image\/\",\"url\":\"https:\/\/casinomarbella.com\/wp-content\/uploads\/2024\/01\/LOGO-CASINO-black-scaled.png\",\"contentUrl\":\"https:\/\/casinomarbella.com\/wp-content\/uploads\/2024\/01\/LOGO-CASINO-black-scaled.png\",\"width\":2560,\"height\":1045,\"caption\":\"Casino Marbella\"},\"image\":{\"@id\":\"https:\/\/casinomarbella.com\/en\/#\/schema\/logo\/image\/\"},\"sameAs\":[\"https:\/\/www.facebook.com\/casinomarbella\",\"https:\/\/x.com\/Casino_Marbella\",\"https:\/\/www.instagram.com\/casinomarbella_\/\",\"https:\/\/www.linkedin.com\/company\/casino-marbella?originalSubdomain=es\"]}]}<\/script>\n<!-- \/ Yoast SEO plugin. -->","yoast_head_json":{"title":"Pol\u00edtica de Privacidad - Casino Marbella","description":"Consulta la pol\u00edtica de privacidad de Casino Marbella y conoce c\u00f3mo se tratan y protegen tus datos personales conforme a la normativa vigente.","robots":{"index":"index","follow":"follow","max-snippet":"max-snippet:-1","max-image-preview":"max-image-preview:large","max-video-preview":"max-video-preview:-1"},"canonical":"https:\/\/casinomarbella.com\/en\/privacy-policy\/","og_locale":"en_US","og_type":"article","og_title":"Pol\u00edtica de Privacidad - Casino Marbella","og_description":"Consulta la pol\u00edtica de privacidad de Casino Marbella y conoce c\u00f3mo se tratan y protegen tus datos personales conforme a la normativa vigente.","og_url":"https:\/\/casinomarbella.com\/en\/privacy-policy\/","og_site_name":"Casino Marbella","article_publisher":"https:\/\/www.facebook.com\/casinomarbella","article_modified_time":"2026-04-17T10:34:48+00:00","twitter_card":"summary_large_image","twitter_site":"@Casino_Marbella","twitter_misc":{"Est. reading time":"35 minutes"},"schema":{"@context":"https:\/\/schema.org","@graph":[{"@type":"WebPage","@id":"https:\/\/casinomarbella.com\/politica-de-privacidad","url":"https:\/\/casinomarbella.com\/politica-de-privacidad","name":"Pol\u00edtica de Privacidad - Casino Marbella","isPartOf":{"@id":"https:\/\/casinomarbella.com\/en\/#website"},"datePublished":"2024-07-08T13:29:04+00:00","dateModified":"2026-04-17T10:34:48+00:00","description":"Consulta la pol\u00edtica de privacidad de Casino Marbella y conoce c\u00f3mo se tratan y protegen tus datos personales conforme a la normativa vigente.","breadcrumb":{"@id":"https:\/\/casinomarbella.com\/politica-de-privacidad#breadcrumb"},"inLanguage":"en-US","potentialAction":[{"@type":"ReadAction","target":["https:\/\/casinomarbella.com\/politica-de-privacidad"]}]},{"@type":"BreadcrumbList","@id":"https:\/\/casinomarbella.com\/politica-de-privacidad#breadcrumb","itemListElement":[{"@type":"ListItem","position":1,"name":"Portada","item":"https:\/\/casinomarbella.com\/"},{"@type":"ListItem","position":2,"name":"Pol\u00edtica de Privacidad"}]},{"@type":"WebSite","@id":"https:\/\/casinomarbella.com\/en\/#website","url":"https:\/\/casinomarbella.com\/en\/","name":"Casino Marbella","description":"More than just a gaming experience","publisher":{"@id":"https:\/\/casinomarbella.com\/en\/#organization"},"potentialAction":[{"@type":"SearchAction","target":{"@type":"EntryPoint","urlTemplate":"https:\/\/casinomarbella.com\/en\/?s={search_term_string}"},"query-input":{"@type":"PropertyValueSpecification","valueRequired":true,"valueName":"search_term_string"}}],"inLanguage":"en-US"},{"@type":"Organization","@id":"https:\/\/casinomarbella.com\/en\/#organization","name":"Casino Marbella","url":"https:\/\/casinomarbella.com\/en\/","logo":{"@type":"ImageObject","inLanguage":"en-US","@id":"https:\/\/casinomarbella.com\/en\/#\/schema\/logo\/image\/","url":"https:\/\/casinomarbella.com\/wp-content\/uploads\/2024\/01\/LOGO-CASINO-black-scaled.png","contentUrl":"https:\/\/casinomarbella.com\/wp-content\/uploads\/2024\/01\/LOGO-CASINO-black-scaled.png","width":2560,"height":1045,"caption":"Casino Marbella"},"image":{"@id":"https:\/\/casinomarbella.com\/en\/#\/schema\/logo\/image\/"},"sameAs":["https:\/\/www.facebook.com\/casinomarbella","https:\/\/x.com\/Casino_Marbella","https:\/\/www.instagram.com\/casinomarbella_\/","https:\/\/www.linkedin.com\/company\/casino-marbella?originalSubdomain=es"]}]}},"_links":{"self":[{"href":"https:\/\/casinomarbella.com\/en\/wp-json\/wp\/v2\/pages\/21894","targetHints":{"allow":["GET"]}}],"collection":[{"href":"https:\/\/casinomarbella.com\/en\/wp-json\/wp\/v2\/pages"}],"about":[{"href":"https:\/\/casinomarbella.com\/en\/wp-json\/wp\/v2\/types\/page"}],"author":[{"embeddable":true,"href":"https:\/\/casinomarbella.com\/en\/wp-json\/wp\/v2\/users\/1"}],"replies":[{"embeddable":true,"href":"https:\/\/casinomarbella.com\/en\/wp-json\/wp\/v2\/comments?post=21894"}],"version-history":[{"count":8,"href":"https:\/\/casinomarbella.com\/en\/wp-json\/wp\/v2\/pages\/21894\/revisions"}],"predecessor-version":[{"id":26493,"href":"https:\/\/casinomarbella.com\/en\/wp-json\/wp\/v2\/pages\/21894\/revisions\/26493"}],"wp:attachment":[{"href":"https:\/\/casinomarbella.com\/en\/wp-json\/wp\/v2\/media?parent=21894"}],"curies":[{"name":"wp","href":"https:\/\/api.w.org\/{rel}","templated":true}]}}