{"id":23734,"date":"2024-12-19T11:31:34","date_gmt":"2024-12-19T11:31:34","guid":{"rendered":"https:\/\/casinomarbella.com\/?page_id=23734"},"modified":"2025-01-23T16:46:47","modified_gmt":"2025-01-23T16:46:47","slug":"valet-parking","status":"publish","type":"page","link":"https:\/\/casinomarbella.com\/en\/valet-parking","title":{"rendered":"VALET PARKING"},"content":{"rendered":"<div class=\"row wpb_row row-fluid\"><div class=\"wpb_column columns medium-3 thb-dark-column small-12\"><div class=\"vc_column-inner\"><div class=\"wpb_wrapper\"><\/div><\/div><\/div><div class=\"wpb_column columns medium-6 thb-dark-column small-12\"><div class=\"vc_column-inner\"><div class=\"wpb_wrapper\"><div class=\"vc_empty_space\" id=\"thb-empty-space-69d64a77f1976\"  style=\"height: 2vh\" ><span class=\"vc_empty_space_inner\"><\/span><\/div>\n\n\t<div  class=\"wpb_single_image wpb_content_element vc_align_center\">\n\t\t\n\t\t<figure class=\"wpb_wrapper vc_figure\">\n\t\t\t<div class=\"vc_single_image-wrapper   vc_box_border_grey\"><img loading=\"lazy\" decoding=\"async\" width=\"2471\" height=\"1376\" src=\"https:\/\/casinomarbella.com\/wp-content\/uploads\/2024\/12\/Recurso-1@3x-8.png\" class=\"vc_single_image-img attachment-full\" alt=\"\" srcset=\"https:\/\/casinomarbella.com\/wp-content\/uploads\/2024\/12\/Recurso-1@3x-8.png 2471w, https:\/\/casinomarbella.com\/wp-content\/uploads\/2024\/12\/Recurso-1@3x-8-300x167.png 300w, https:\/\/casinomarbella.com\/wp-content\/uploads\/2024\/12\/Recurso-1@3x-8-1024x570.png 1024w, https:\/\/casinomarbella.com\/wp-content\/uploads\/2024\/12\/Recurso-1@3x-8-768x428.png 768w, https:\/\/casinomarbella.com\/wp-content\/uploads\/2024\/12\/Recurso-1@3x-8-1536x855.png 1536w, https:\/\/casinomarbella.com\/wp-content\/uploads\/2024\/12\/Recurso-1@3x-8-2048x1140.png 2048w, https:\/\/casinomarbella.com\/wp-content\/uploads\/2024\/12\/Recurso-1@3x-8-18x10.png 18w, https:\/\/casinomarbella.com\/wp-content\/uploads\/2024\/12\/Recurso-1@3x-8-380x212.png 380w, https:\/\/casinomarbella.com\/wp-content\/uploads\/2024\/12\/Recurso-1@3x-8-20x11.png 20w, https:\/\/casinomarbella.com\/wp-content\/uploads\/2024\/12\/Recurso-1@3x-8-190x106.png 190w, https:\/\/casinomarbella.com\/wp-content\/uploads\/2024\/12\/Recurso-1@3x-8-760x423.png 760w, https:\/\/casinomarbella.com\/wp-content\/uploads\/2024\/12\/Recurso-1@3x-8-1140x635.png 1140w, https:\/\/casinomarbella.com\/wp-content\/uploads\/2024\/12\/Recurso-1@3x-8-600x334.png 600w\" sizes=\"auto, (max-width: 2471px) 100vw, 2471px\" \/><\/div>\n\t\t<\/figure>\n\t<\/div>\n\n\t<div class=\"wpb_text_column wpb_content_element\" >\n\t\t<div class=\"wpb_wrapper\">\n\t\t\t<p><b><span data-contrast=\"auto\">Schedule<\/span><\/b><span data-contrast=\"auto\">:<\/span><span data-ccp-props=\"{&quot;134233117&quot;:false,&quot;134233118&quot;:false,&quot;335559685&quot;:720,&quot;335559738&quot;:240,&quot;335559739&quot;:240}\">\u00a0<\/span><\/p>\n<p><span data-contrast=\"auto\">Valet parking will be available from Monday to Sunday, from 8:00 p.m. to 4:00 a.m.*. Vehicles will not be delivered outside the established hours.<\/span><span data-ccp-props=\"{&quot;134233117&quot;:false,&quot;134233118&quot;:false,&quot;335559738&quot;:240,&quot;335559739&quot;:240}\">\u00a0<\/span><\/p>\n<p><b><span data-contrast=\"auto\">*The schedule will vary depending on the season.<\/span><\/b><span data-ccp-props=\"{&quot;134233117&quot;:false,&quot;134233118&quot;:false,&quot;335559685&quot;:0,&quot;335559738&quot;:240,&quot;335559739&quot;:240}\">\u00a0<\/span><\/p>\n<p style=\"text-align: center;\">.<\/p>\n\n\t\t<\/div>\n\t<\/div>\n<\/div><\/div><\/div><div class=\"wpb_column columns medium-3 thb-dark-column small-12\"><div class=\"vc_column-inner\"><div class=\"wpb_wrapper\"><\/div><\/div><\/div><\/div><div class=\"row wpb_row row-fluid vc_custom_1734607866109\"><div class=\"wpb_column columns medium-6 thb-dark-column small-12\"><div class=\"vc_column-inner\"><div class=\"wpb_wrapper\">\n\t<div  class=\"wpb_single_image wpb_content_element vc_align_center\">\n\t\t\n\t\t<figure class=\"wpb_wrapper vc_figure\">\n\t\t\t<div class=\"vc_single_image-wrapper   vc_box_border_grey\"><img loading=\"lazy\" decoding=\"async\" width=\"2036\" height=\"2040\" src=\"https:\/\/casinomarbella.com\/wp-content\/uploads\/2024\/12\/Tarjetas.png\" class=\"vc_single_image-img attachment-full\" alt=\"\" srcset=\"https:\/\/casinomarbella.com\/wp-content\/uploads\/2024\/12\/Tarjetas.png 2036w, https:\/\/casinomarbella.com\/wp-content\/uploads\/2024\/12\/Tarjetas-300x300.png 300w, https:\/\/casinomarbella.com\/wp-content\/uploads\/2024\/12\/Tarjetas-1022x1024.png 1022w, https:\/\/casinomarbella.com\/wp-content\/uploads\/2024\/12\/Tarjetas-150x150.png 150w, https:\/\/casinomarbella.com\/wp-content\/uploads\/2024\/12\/Tarjetas-768x770.png 768w, https:\/\/casinomarbella.com\/wp-content\/uploads\/2024\/12\/Tarjetas-170x170.png 170w, https:\/\/casinomarbella.com\/wp-content\/uploads\/2024\/12\/Tarjetas-400x400.png 400w, https:\/\/casinomarbella.com\/wp-content\/uploads\/2024\/12\/Tarjetas-1533x1536.png 1533w, https:\/\/casinomarbella.com\/wp-content\/uploads\/2024\/12\/Tarjetas-12x12.png 12w, https:\/\/casinomarbella.com\/wp-content\/uploads\/2024\/12\/Tarjetas-200x200.png 200w, https:\/\/casinomarbella.com\/wp-content\/uploads\/2024\/12\/Tarjetas-100x100.png 100w, https:\/\/casinomarbella.com\/wp-content\/uploads\/2024\/12\/Tarjetas-380x381.png 380w, https:\/\/casinomarbella.com\/wp-content\/uploads\/2024\/12\/Tarjetas-20x20.png 20w, https:\/\/casinomarbella.com\/wp-content\/uploads\/2024\/12\/Tarjetas-190x190.png 190w, https:\/\/casinomarbella.com\/wp-content\/uploads\/2024\/12\/Tarjetas-760x761.png 760w, https:\/\/casinomarbella.com\/wp-content\/uploads\/2024\/12\/Tarjetas-1140x1142.png 1140w, https:\/\/casinomarbella.com\/wp-content\/uploads\/2024\/12\/Tarjetas-600x601.png 600w\" sizes=\"auto, (max-width: 2036px) 100vw, 2036px\" \/><\/div>\n\t\t<\/figure>\n\t<\/div>\n<\/div><\/div><\/div><div class=\"wpb_column columns medium-6 thb-dark-column small-12\"><div class=\"vc_column-inner\"><div class=\"wpb_wrapper\">\n\t<div class=\"wpb_text_column wpb_content_element   description\" >\n\t\t<div class=\"wpb_wrapper\">\n\t\t\t<p><b><span data-contrast=\"auto\">Terms of Service:<\/span><\/b><span data-ccp-props=\"{&quot;134233117&quot;:false,&quot;134233118&quot;:false,&quot;335559685&quot;:720,&quot;335559738&quot;:240,&quot;335559739&quot;:240}\">\u00a0<\/span><\/p>\n<p><span data-contrast=\"auto\">Valets are responsible for parking and returning vehicles.<\/span><span data-ccp-props=\"{&quot;134233117&quot;:false,&quot;134233118&quot;:false,&quot;335559738&quot;:240,&quot;335559739&quot;:240}\">\u00a0<\/span><\/p>\n<p><span data-contrast=\"auto\">Valet parking attendants must wear a uniform and visible identification at all times.<\/span><span data-ccp-props=\"{&quot;134233117&quot;:false,&quot;134233118&quot;:false,&quot;335559738&quot;:240,&quot;335559739&quot;:240}\">\u00a0<\/span><\/p>\n<p><span data-contrast=\"auto\">The customer must give the key of the vehicle to the valet and keep the card that will be given to him\/her until the vehicle is picked up.<\/span><span data-ccp-props=\"{&quot;134233117&quot;:false,&quot;134233118&quot;:false,&quot;201341983&quot;:0,&quot;335551550&quot;:1,&quot;335551620&quot;:1,&quot;335559685&quot;:720,&quot;335559737&quot;:0,&quot;335559738&quot;:240,&quot;335559739&quot;:240,&quot;335559740&quot;:279,&quot;335559991&quot;:360}\">\u00a0<\/span><\/p>\n<p><span data-contrast=\"auto\">In case of loss of the card, a valid customer ID will be required.<\/span><span data-ccp-props=\"{&quot;134233117&quot;:false,&quot;134233118&quot;:false,&quot;201341983&quot;:0,&quot;335551550&quot;:1,&quot;335551620&quot;:1,&quot;335559685&quot;:720,&quot;335559737&quot;:0,&quot;335559738&quot;:240,&quot;335559739&quot;:240,&quot;335559740&quot;:279,&quot;335559991&quot;:360}\">\u00a0<\/span><\/p>\n<p><span data-contrast=\"auto\">The customer must inform the valet of any mechanical problems or damage to the vehicle.<\/span><span data-ccp-props=\"{&quot;134233117&quot;:false,&quot;134233118&quot;:false,&quot;335559738&quot;:240,&quot;335559739&quot;:240}\">\u00a0<\/span><\/p>\n<p><span data-contrast=\"auto\">The service is free of charge.<\/span><span data-ccp-props=\"{&quot;134233117&quot;:false,&quot;134233118&quot;:false,&quot;335559738&quot;:240,&quot;335559739&quot;:240}\">\u00a0<\/span><\/p>\n<p><span data-contrast=\"auto\">Vehicles will be parked on public streets in designated valet parking areas.<\/span><span data-ccp-props=\"{&quot;134233117&quot;:false,&quot;134233118&quot;:false,&quot;335559738&quot;:240,&quot;335559739&quot;:240}\">\u00a0<\/span><\/p>\n<p><span data-contrast=\"auto\">Valets will not allow unauthorized persons to enter or operate parked vehicles.<\/span><span data-ccp-props=\"{&quot;134233117&quot;:false,&quot;134233118&quot;:false,&quot;335559738&quot;:240,&quot;335559739&quot;:240}\">\u00a0<\/span><\/p>\n\n\t\t<\/div>\n\t<\/div>\n<div class=\"vc_empty_space\" id=\"thb-empty-space-69d64a77f286d\"  style=\"height: 7vh\" ><span class=\"vc_empty_space_inner\"><\/span><\/div>\n<\/div><\/div><\/div><\/div>","protected":false},"excerpt":{"rendered":"Horario:\u00a0 El servicio de aparcacoches estar\u00e1 disponible de lunes a domingo, de 20:00 a 04:00* de la madrugada. Los veh\u00edculos no se entregar\u00e1n fuera de los horarios establecidos.\u00a0 *El horario variar\u00e1 en funci\u00f3n de la temporada\u00a0 . Condiciones del Servicio:\u00a0 Los aparcacoches son los encargados de estacionar y devolver los veh\u00edculos.\u00a0 Los aparcacoches deben llevar&hellip;","protected":false},"author":1,"featured_media":0,"parent":0,"menu_order":0,"comment_status":"closed","ping_status":"closed","template":"","meta":{"inline_featured_image":false,"footnotes":"","_links_to":"","_links_to_target":""},"class_list":["post-23734","page","type-page","status-publish","hentry"],"yoast_head":"<!-- This site is optimized with the Yoast SEO plugin v27.1.1 - https:\/\/yoast.com\/product\/yoast-seo-wordpress\/ -->\n<title>VALET PARKING - Casino Marbella<\/title>\n<meta name=\"robots\" content=\"index, follow, max-snippet:-1, max-image-preview:large, max-video-preview:-1\" \/>\n<link rel=\"canonical\" href=\"https:\/\/casinomarbella.com\/en\/valet-parking\/\" \/>\n<meta property=\"og:locale\" content=\"en_US\" \/>\n<meta property=\"og:type\" content=\"article\" \/>\n<meta property=\"og:title\" content=\"VALET PARKING - Casino Marbella\" \/>\n<meta property=\"og:url\" content=\"https:\/\/casinomarbella.com\/en\/valet-parking\/\" \/>\n<meta property=\"og:site_name\" content=\"Casino Marbella\" \/>\n<meta property=\"article:publisher\" content=\"https:\/\/www.facebook.com\/casinomarbella\" \/>\n<meta property=\"article:modified_time\" content=\"2025-01-23T16:46:47+00:00\" \/>\n<meta name=\"twitter:card\" content=\"summary_large_image\" \/>\n<meta name=\"twitter:site\" content=\"@Casino_Marbella\" \/>\n<meta name=\"twitter:label1\" content=\"Est. reading time\" \/>\n\t<meta name=\"twitter:data1\" content=\"1 minute\" \/>\n<script type=\"application\/ld+json\" class=\"yoast-schema-graph\">{\"@context\":\"https:\/\/schema.org\",\"@graph\":[{\"@type\":\"WebPage\",\"@id\":\"https:\/\/casinomarbella.com\/valet-parking\",\"url\":\"https:\/\/casinomarbella.com\/valet-parking\",\"name\":\"VALET PARKING - Casino Marbella\",\"isPartOf\":{\"@id\":\"https:\/\/casinomarbella.com\/en\/#website\"},\"datePublished\":\"2024-12-19T11:31:34+00:00\",\"dateModified\":\"2025-01-23T16:46:47+00:00\",\"breadcrumb\":{\"@id\":\"https:\/\/casinomarbella.com\/valet-parking#breadcrumb\"},\"inLanguage\":\"en-US\",\"potentialAction\":[{\"@type\":\"ReadAction\",\"target\":[\"https:\/\/casinomarbella.com\/valet-parking\"]}]},{\"@type\":\"BreadcrumbList\",\"@id\":\"https:\/\/casinomarbella.com\/valet-parking#breadcrumb\",\"itemListElement\":[{\"@type\":\"ListItem\",\"position\":1,\"name\":\"Portada\",\"item\":\"https:\/\/casinomarbella.com\/\"},{\"@type\":\"ListItem\",\"position\":2,\"name\":\"VALET PARKING\"}]},{\"@type\":\"WebSite\",\"@id\":\"https:\/\/casinomarbella.com\/en\/#website\",\"url\":\"https:\/\/casinomarbella.com\/en\/\",\"name\":\"Casino Marbella\",\"description\":\"More than just a gaming experience\",\"publisher\":{\"@id\":\"https:\/\/casinomarbella.com\/en\/#organization\"},\"potentialAction\":[{\"@type\":\"SearchAction\",\"target\":{\"@type\":\"EntryPoint\",\"urlTemplate\":\"https:\/\/casinomarbella.com\/en\/?s={search_term_string}\"},\"query-input\":{\"@type\":\"PropertyValueSpecification\",\"valueRequired\":true,\"valueName\":\"search_term_string\"}}],\"inLanguage\":\"en-US\"},{\"@type\":\"Organization\",\"@id\":\"https:\/\/casinomarbella.com\/en\/#organization\",\"name\":\"Casino Marbella\",\"url\":\"https:\/\/casinomarbella.com\/en\/\",\"logo\":{\"@type\":\"ImageObject\",\"inLanguage\":\"en-US\",\"@id\":\"https:\/\/casinomarbella.com\/en\/#\/schema\/logo\/image\/\",\"url\":\"https:\/\/casinomarbella.com\/wp-content\/uploads\/2024\/01\/LOGO-CASINO-black-scaled.png\",\"contentUrl\":\"https:\/\/casinomarbella.com\/wp-content\/uploads\/2024\/01\/LOGO-CASINO-black-scaled.png\",\"width\":2560,\"height\":1045,\"caption\":\"Casino Marbella\"},\"image\":{\"@id\":\"https:\/\/casinomarbella.com\/en\/#\/schema\/logo\/image\/\"},\"sameAs\":[\"https:\/\/www.facebook.com\/casinomarbella\",\"https:\/\/x.com\/Casino_Marbella\",\"https:\/\/www.instagram.com\/casinomarbella_\/\",\"https:\/\/www.linkedin.com\/company\/casino-marbella?originalSubdomain=es\"]}]}<\/script>\n<!-- \/ Yoast SEO plugin. -->","yoast_head_json":{"title":"VALET PARKING - Casino Marbella","robots":{"index":"index","follow":"follow","max-snippet":"max-snippet:-1","max-image-preview":"max-image-preview:large","max-video-preview":"max-video-preview:-1"},"canonical":"https:\/\/casinomarbella.com\/en\/valet-parking\/","og_locale":"en_US","og_type":"article","og_title":"VALET PARKING - Casino Marbella","og_url":"https:\/\/casinomarbella.com\/en\/valet-parking\/","og_site_name":"Casino Marbella","article_publisher":"https:\/\/www.facebook.com\/casinomarbella","article_modified_time":"2025-01-23T16:46:47+00:00","twitter_card":"summary_large_image","twitter_site":"@Casino_Marbella","twitter_misc":{"Est. reading time":"1 minute"},"schema":{"@context":"https:\/\/schema.org","@graph":[{"@type":"WebPage","@id":"https:\/\/casinomarbella.com\/valet-parking","url":"https:\/\/casinomarbella.com\/valet-parking","name":"VALET PARKING - Casino Marbella","isPartOf":{"@id":"https:\/\/casinomarbella.com\/en\/#website"},"datePublished":"2024-12-19T11:31:34+00:00","dateModified":"2025-01-23T16:46:47+00:00","breadcrumb":{"@id":"https:\/\/casinomarbella.com\/valet-parking#breadcrumb"},"inLanguage":"en-US","potentialAction":[{"@type":"ReadAction","target":["https:\/\/casinomarbella.com\/valet-parking"]}]},{"@type":"BreadcrumbList","@id":"https:\/\/casinomarbella.com\/valet-parking#breadcrumb","itemListElement":[{"@type":"ListItem","position":1,"name":"Portada","item":"https:\/\/casinomarbella.com\/"},{"@type":"ListItem","position":2,"name":"VALET PARKING"}]},{"@type":"WebSite","@id":"https:\/\/casinomarbella.com\/en\/#website","url":"https:\/\/casinomarbella.com\/en\/","name":"Casino Marbella","description":"More than just a gaming experience","publisher":{"@id":"https:\/\/casinomarbella.com\/en\/#organization"},"potentialAction":[{"@type":"SearchAction","target":{"@type":"EntryPoint","urlTemplate":"https:\/\/casinomarbella.com\/en\/?s={search_term_string}"},"query-input":{"@type":"PropertyValueSpecification","valueRequired":true,"valueName":"search_term_string"}}],"inLanguage":"en-US"},{"@type":"Organization","@id":"https:\/\/casinomarbella.com\/en\/#organization","name":"Casino Marbella","url":"https:\/\/casinomarbella.com\/en\/","logo":{"@type":"ImageObject","inLanguage":"en-US","@id":"https:\/\/casinomarbella.com\/en\/#\/schema\/logo\/image\/","url":"https:\/\/casinomarbella.com\/wp-content\/uploads\/2024\/01\/LOGO-CASINO-black-scaled.png","contentUrl":"https:\/\/casinomarbella.com\/wp-content\/uploads\/2024\/01\/LOGO-CASINO-black-scaled.png","width":2560,"height":1045,"caption":"Casino Marbella"},"image":{"@id":"https:\/\/casinomarbella.com\/en\/#\/schema\/logo\/image\/"},"sameAs":["https:\/\/www.facebook.com\/casinomarbella","https:\/\/x.com\/Casino_Marbella","https:\/\/www.instagram.com\/casinomarbella_\/","https:\/\/www.linkedin.com\/company\/casino-marbella?originalSubdomain=es"]}]}},"_links":{"self":[{"href":"https:\/\/casinomarbella.com\/en\/wp-json\/wp\/v2\/pages\/23734","targetHints":{"allow":["GET"]}}],"collection":[{"href":"https:\/\/casinomarbella.com\/en\/wp-json\/wp\/v2\/pages"}],"about":[{"href":"https:\/\/casinomarbella.com\/en\/wp-json\/wp\/v2\/types\/page"}],"author":[{"embeddable":true,"href":"https:\/\/casinomarbella.com\/en\/wp-json\/wp\/v2\/users\/1"}],"replies":[{"embeddable":true,"href":"https:\/\/casinomarbella.com\/en\/wp-json\/wp\/v2\/comments?post=23734"}],"version-history":[{"count":13,"href":"https:\/\/casinomarbella.com\/en\/wp-json\/wp\/v2\/pages\/23734\/revisions"}],"predecessor-version":[{"id":23830,"href":"https:\/\/casinomarbella.com\/en\/wp-json\/wp\/v2\/pages\/23734\/revisions\/23830"}],"wp:attachment":[{"href":"https:\/\/casinomarbella.com\/en\/wp-json\/wp\/v2\/media?parent=23734"}],"curies":[{"name":"wp","href":"https:\/\/api.w.org\/{rel}","templated":true}]}}