{"id":765,"date":"2023-12-28T10:27:40","date_gmt":"2023-12-28T10:27:40","guid":{"rendered":"https:\/\/casinomarbella.com\/?page_id=765"},"modified":"2026-04-28T08:26:34","modified_gmt":"2026-04-28T08:26:34","slug":"slots","status":"publish","type":"page","link":"https:\/\/casinomarbella.com\/en\/games\/slots","title":{"rendered":"Slots"},"content":{"rendered":"<div data-vide-bg=\"mp4: https:\/\/casinomarbella.com\/wp-content\/uploads\/2023\/12\/shutterstock_1092372833.mp4\" data-vide-options=\"posterType: none, loop: true, muted: true, position: 50% 50%, resizing: true\" class=\"row wpb_row row-fluid zindex no-row-padding full-width-row no-column-padding vc_custom_1703753084274 row-has-fill thb_video_bg\"><div class=\"wpb_column columns medium-12 thb-dark-column small-12\"><div class=\"vc_column-inner\"><div class=\"wpb_wrapper\"><div class=\"vc_empty_space\" id=\"thb-empty-space-6a0164ea20fed\"  style=\"height: 40vh\" ><span class=\"vc_empty_space_inner\"><\/span><\/div>\n<\/div><\/div><\/div><div class=\"thb_video_overlay\" style=\"background-color: rgba(0,0,0,0.57);\"><\/div><\/div><div class=\"row wpb_row row-fluid no-row-padding full-width-row vc_custom_1703864867604\"><div class=\"distance wpb_column columns medium-12 thb-light-column has-fill small-12\"><div class=\"vc_column-inner xlarge-shadow  vc_custom_1750852343069\" style=\"border-radius:2vh 2vh 2vh 2vh\"><div class=\"wpb_wrapper\"><div class=\"vc_empty_space\" id=\"thb-empty-space-6a0164ea21239\"  style=\"height: 40vh\" ><span class=\"vc_empty_space_inner\"><\/span><\/div>\n<\/div><\/div><\/div><\/div><div class=\"row wpb_row row-fluid text no-row-padding no-column-padding vc_custom_1703619182616 row-has-fill\"><div class=\"wpb_column columns medium-12 thb-dark-column small-12\"><div class=\"vc_column-inner\"><div class=\"wpb_wrapper\"><div class=\"row wpb_row vc_inner row-fluid max_width\"><div class=\"wpb_column columns medium-2 thb-dark-column small-12\"><div class=\"vc_column-inner\"><div class=\"wpb_wrapper\"><\/div><\/div><\/div><div class=\"wpb_column columns medium-8 thb-dark-column small-12\"><div class=\"vc_column-inner\"><div class=\"wpb_wrapper\"><div class=\"vc_empty_space\" id=\"thb-empty-space-6a0164ea21737\"  style=\"height: 5vh\" ><span class=\"vc_empty_space_inner\"><\/span><\/div>\n\n\t<div class=\"wpb_text_column wpb_content_element\" >\n\t\t<div class=\"wpb_wrapper\">\n\t\t\t<h3 style=\"text-align: center;\"><a href=\"https:\/\/casinomarbella.com\/juegos\">Games<\/a> &gt; Slots<\/h3>\n\n\t\t<\/div>\n\t<\/div>\n\n\t<div class=\"wpb_text_column wpb_content_element\" >\n\t\t<div class=\"wpb_wrapper\">\n\t\t\t<h2 style=\"text-align: center;\">Slots<\/h2>\n<p>Casino Marbella offers one of the most complete gaming spaces on the Costa del Sol, with two distinct areas and more than 90 gaming machine positions available. At all of them, you can enjoy a flexible gaming experience. Bets range from \u20ac0.05 to \u20ac100 per spin and offer the chance to access jackpots of up to \u20acx. In addition, there is a snack bar, open daily from 11:00 a.m., where you can enjoy drinks and snacks in the same gaming machine area.<\/p>\n<h3 style=\"text-align: center;\">Over 90 slot machine positions available<\/h3>\n<p>Among the available machines, some of the most sought-after models on the market stand out, such as Xtension Link and Impera, both by the manufacturer Novomatic, along with other very popular options. The selection is constantly updated to remain at the forefront of technology.<\/p>\n<h3 style=\"text-align: center;\">Electronic Roulette<\/h3>\n<p>The slot machine area features two Zuum roulette tables with:<br \/>\nMinimum bet on a straight-up number: \u20ac0.50<br \/>\nMaximum straight-up bet: \u20ac50<br \/>\nAdrenaline with every spin, strategy and real-time excitement.<\/p>\n\n\t\t<\/div>\n\t<\/div>\n<div class=\"vc_empty_space\" id=\"thb-empty-space-6a0164ea218b9\"  style=\"height: 6px\" ><span class=\"vc_empty_space_inner\"><\/span><\/div>\n<\/div><\/div><\/div><div class=\"wpb_column columns medium-2 thb-dark-column small-12\"><div class=\"vc_column-inner\"><div class=\"wpb_wrapper\"><\/div><\/div><\/div><\/div><div class=\"row wpb_row vc_inner row-fluid max_width\"><div class=\"wpb_column columns medium-3 thb-dark-column small-12\"><div class=\"vc_column-inner\"><div class=\"wpb_wrapper\"><\/div><\/div><\/div><div class=\"wpb_column columns medium-6 thb-dark-column small-12\"><div class=\"vc_column-inner\"><div class=\"wpb_wrapper\"><div class=\"vc_empty_space\" id=\"thb-empty-space-6a0164ea21b4a\"  style=\"height: 30px\" ><span class=\"vc_empty_space_inner\"><\/span><\/div>\n<\/div><\/div><\/div><div class=\"wpb_column columns medium-3 thb-dark-column small-12\"><div class=\"vc_column-inner\"><div class=\"wpb_wrapper\"><\/div><\/div><\/div><\/div><\/div><\/div><\/div><\/div><div class=\"row wpb_row row-fluid distance no-row-padding full-width-row\"><div class=\"wpb_column columns medium-6 thb-dark-column small-12\"><div class=\"vc_column-inner\"><div class=\"wpb_wrapper\">\t<div id=\"thb-fancy-box-6a0164ea21e08\" class=\"thb-fancy-box xlarge-shadow fancy-light fancy-style6  thb-bottom-left    has-link\">\n\t\t\t\t<a href=\"https:\/\/casinomarbella.com\/club-winner\" class=\"thb-fancy-link\" target=\"_self\">\n\t\t\t\t\t\t\t<div class=\"button small style2 white pill-radius\"><span>+INFO<\/span><\/div>\n\t\t\t\t\t<\/a>\n\t\t\t\t<div class=\"thb-fancy-image-container\">\n\t\t\t<div class=\"thb-fancy-image\">\n\t\t\t\t<img loading=\"lazy\" decoding=\"async\" width=\"1140\" height=\"1008\" src=\"https:\/\/casinomarbella.com\/wp-content\/uploads\/2025\/03\/ventajas2-1140x1008.jpg\" class=\"attachment-revolution-tall-x3 size-revolution-tall-x3\" alt=\"\" srcset=\"https:\/\/casinomarbella.com\/wp-content\/uploads\/2025\/03\/ventajas2-1140x1008.jpg 1140w, https:\/\/casinomarbella.com\/wp-content\/uploads\/2025\/03\/ventajas2-20x18.jpg 20w\" sizes=\"auto, (max-width: 1140px) 100vw, 1140px\" \/>\t\t\t<\/div>\n\t\t<\/div>\n\t\t\t\t<div class=\"thb-fancy-content\">\n\t\t\t\t\t\t<div class=\"thb-fancy-text-content\">\n\t\t\t\t\n<h4>Loyalty Club<\/h4>\n<p>Discover Club Winner<\/p>\t\t\t<\/div>\n\t\t<\/div>\n\t\t<style>\n\t\t\t#thb-fancy-box-6a0164ea21e08,\n\t\t\t#thb-fancy-box-6a0164ea21e08.fancy-style5 .thb-fancy-image-container,\n\t\t\t#thb-fancy-box-6a0164ea21e08 .atvImg-container,\n\t\t\t#thb-fancy-box-6a0164ea21e08 .atvImg-layers {\n\t\t\t\tmin-height: 500px;\n\t\t\t}\n\t\t\t\t\t\t\t#thb-fancy-box-6a0164ea21e08,\n\t\t\t\t#thb-fancy-box-6a0164ea21e08 .thb-fancy-image-container,\n\t\t\t\t#thb-fancy-box-6a0164ea21e08 .thb-fancy-image,\n\t\t\t\t#thb-fancy-box-6a0164ea21e08 .thb-fancy-image img,\n\t\t\t\t#thb-fancy-box-6a0164ea21e08 .thb-fancy-content,\n\t\t\t\t#thb-fancy-box-6a0164ea21e08 .thb-fancy-hover {\n\t\t\t\t\tborder-radius: 2vh;\n\t\t\t\t}\n\t\t\t\t\t\t\t\t\t\t\t\t\t\t\t\t\t\t\t\t\t<\/style>\n\t<\/div>\n\n\t<div class=\"vc_empty_space\" id=\"thb-empty-space-6a0164ea2235d\"  style=\"height: 0px\" ><span class=\"vc_empty_space_inner\"><\/span><\/div>\n<style>\n\t@media screen and (max-width: 640px) {\n\t\t#thb-empty-space-6a0164ea2235d {\n\t\t\theight: 2vh !important;\n\t\t}\n\t}\n<\/style>\n\t<\/div><\/div><\/div><div class=\"wpb_column columns medium-6 thb-dark-column small-12\"><div class=\"vc_column-inner\"><div class=\"wpb_wrapper\">\t<div id=\"thb-fancy-box-6a0164ea2245a\" class=\"thb-fancy-box  fancy-light fancy-style6  thb-bottom-left    has-link\">\n\t\t\t\t<a href=\"https:\/\/casinomarbella.com\/juegos\/slots\/jackpots\" class=\"thb-fancy-link\" target=\"_self\">\n\t\t\t\t\t\t\t<div class=\"button small style2 white pill-radius\"><span>+INFO<\/span><\/div>\n\t\t\t\t\t<\/a>\n\t\t\t\t<div class=\"thb-fancy-image-container\">\n\t\t\t<div class=\"thb-fancy-image\">\n\t\t\t\t<img loading=\"lazy\" decoding=\"async\" width=\"1000\" height=\"666\" src=\"https:\/\/casinomarbella.com\/wp-content\/uploads\/2023\/12\/shutterstock_2240908005.jpg\" class=\"attachment-revolution-tall-x3 size-revolution-tall-x3\" alt=\"\" srcset=\"https:\/\/casinomarbella.com\/wp-content\/uploads\/2023\/12\/shutterstock_2240908005.jpg 1000w, https:\/\/casinomarbella.com\/wp-content\/uploads\/2023\/12\/shutterstock_2240908005-600x400.jpg 600w, https:\/\/casinomarbella.com\/wp-content\/uploads\/2023\/12\/shutterstock_2240908005-300x200.jpg 300w, https:\/\/casinomarbella.com\/wp-content\/uploads\/2023\/12\/shutterstock_2240908005-768x511.jpg 768w, https:\/\/casinomarbella.com\/wp-content\/uploads\/2023\/12\/shutterstock_2240908005-380x253.jpg 380w, https:\/\/casinomarbella.com\/wp-content\/uploads\/2023\/12\/shutterstock_2240908005-190x127.jpg 190w, https:\/\/casinomarbella.com\/wp-content\/uploads\/2023\/12\/shutterstock_2240908005-760x506.jpg 760w, https:\/\/casinomarbella.com\/wp-content\/uploads\/2023\/12\/shutterstock_2240908005-20x13.jpg 20w\" sizes=\"auto, (max-width: 1000px) 100vw, 1000px\" \/>\t\t\t<\/div>\n\t\t<\/div>\n\t\t\t\t<div class=\"thb-fancy-content\">\n\t\t\t\t\t\t<div class=\"thb-fancy-text-content\">\n\t\t\t\t\n<h4>Jackpot!<\/h4>\n<p>Discover the last three Jackpots awarded.<\/p>\t\t\t<\/div>\n\t\t<\/div>\n\t\t<style>\n\t\t\t#thb-fancy-box-6a0164ea2245a,\n\t\t\t#thb-fancy-box-6a0164ea2245a.fancy-style5 .thb-fancy-image-container,\n\t\t\t#thb-fancy-box-6a0164ea2245a .atvImg-container,\n\t\t\t#thb-fancy-box-6a0164ea2245a .atvImg-layers {\n\t\t\t\tmin-height: 500px;\n\t\t\t}\n\t\t\t\t\t\t\t#thb-fancy-box-6a0164ea2245a,\n\t\t\t\t#thb-fancy-box-6a0164ea2245a .thb-fancy-image-container,\n\t\t\t\t#thb-fancy-box-6a0164ea2245a .thb-fancy-image,\n\t\t\t\t#thb-fancy-box-6a0164ea2245a .thb-fancy-image img,\n\t\t\t\t#thb-fancy-box-6a0164ea2245a .thb-fancy-content,\n\t\t\t\t#thb-fancy-box-6a0164ea2245a .thb-fancy-hover {\n\t\t\t\t\tborder-radius: 2vh;\n\t\t\t\t}\n\t\t\t\t\t\t\t\t\t\t\t\t\t\t\t\t\t\t\t\t\t<\/style>\n\t<\/div>\n\n\t<div class=\"vc_empty_space\" id=\"thb-empty-space-6a0164ea227c8\"  style=\"height: 0px\" ><span class=\"vc_empty_space_inner\"><\/span><\/div>\n<style>\n\t@media screen and (max-width: 640px) {\n\t\t#thb-empty-space-6a0164ea227c8 {\n\t\t\theight: 2vh !important;\n\t\t}\n\t}\n<\/style>\n\t<\/div><\/div><\/div><\/div><div class=\"row wpb_row row-fluid no-row-padding full-width-row no-column-padding vc_custom_1703585719326 row-has-fill\"><div class=\"wpb_column columns medium-12 thb-dark-column small-12\"><div class=\"vc_column-inner\"><div class=\"wpb_wrapper\"><div class=\"vc_empty_space\" id=\"thb-empty-space-6a0164ea229bf\"  style=\"height: 35vh\" ><span class=\"vc_empty_space_inner\"><\/span><\/div>\n<\/div><\/div><\/div><\/div>","protected":false},"excerpt":{"rendered":"Juegos &gt; Slots Slots Casino Marbella ofrece uno de los espacios de juego m\u00e1s completos de la Costa del Sol, con dos ambientes diferenciados y m\u00e1s de 90 posiciones de m\u00e1quinas disponibles. En todas ellas podr\u00e1s disfrutar de una experiencia de juego flexible. Sus apuestas van desde 0,05 \u20ac hasta 100 \u20ac por jugada y&hellip;","protected":false},"author":1,"featured_media":26042,"parent":676,"menu_order":0,"comment_status":"closed","ping_status":"closed","template":"","meta":{"inline_featured_image":false,"footnotes":"","_links_to":"","_links_to_target":""},"class_list":["post-765","page","type-page","status-publish","has-post-thumbnail","hentry"],"yoast_head":"<!-- This site is optimized with the Yoast SEO plugin v27.1.1 - https:\/\/yoast.com\/product\/yoast-seo-wordpress\/ -->\n<title>Slots - Casino Marbella<\/title>\n<meta name=\"description\" content=\"Descubre una amplia selecci\u00f3n de m\u00e1quinas de azar disponibles en la sala de juegos de Casino Marbella. M\u00e1s informaci\u00f3n.\" \/>\n<meta name=\"robots\" content=\"index, follow, max-snippet:-1, max-image-preview:large, max-video-preview:-1\" \/>\n<link rel=\"canonical\" href=\"https:\/\/casinomarbella.com\/en\/games\/slots\/\" \/>\n<meta property=\"og:locale\" content=\"en_US\" \/>\n<meta property=\"og:type\" content=\"article\" \/>\n<meta property=\"og:title\" content=\"Slots - Casino Marbella\" \/>\n<meta property=\"og:description\" content=\"Descubre una amplia selecci\u00f3n de m\u00e1quinas de azar disponibles en la sala de juegos de Casino Marbella. M\u00e1s informaci\u00f3n.\" \/>\n<meta property=\"og:url\" content=\"https:\/\/casinomarbella.com\/en\/games\/slots\/\" \/>\n<meta property=\"og:site_name\" content=\"Casino Marbella\" \/>\n<meta property=\"article:publisher\" content=\"https:\/\/www.facebook.com\/casinomarbella\" \/>\n<meta property=\"article:modified_time\" content=\"2026-04-28T08:26:34+00:00\" \/>\n<meta property=\"og:image\" content=\"https:\/\/casinomarbella.com\/wp-content\/uploads\/2026\/02\/CASINO_140126-1-scaled.jpg\" \/>\n\t<meta property=\"og:image:width\" content=\"1707\" \/>\n\t<meta property=\"og:image:height\" content=\"2560\" \/>\n\t<meta property=\"og:image:type\" content=\"image\/jpeg\" \/>\n<meta name=\"twitter:card\" content=\"summary_large_image\" \/>\n<meta name=\"twitter:site\" content=\"@Casino_Marbella\" \/>\n<meta name=\"twitter:label1\" content=\"Est. reading time\" \/>\n\t<meta name=\"twitter:data1\" content=\"2 minutes\" \/>\n<script type=\"application\/ld+json\" class=\"yoast-schema-graph\">{\"@context\":\"https:\/\/schema.org\",\"@graph\":[{\"@type\":\"WebPage\",\"@id\":\"https:\/\/casinomarbella.com\/juegos\/slots\",\"url\":\"https:\/\/casinomarbella.com\/juegos\/slots\",\"name\":\"Slots - Casino Marbella\",\"isPartOf\":{\"@id\":\"https:\/\/casinomarbella.com\/en\/#website\"},\"primaryImageOfPage\":{\"@id\":\"https:\/\/casinomarbella.com\/juegos\/slots#primaryimage\"},\"image\":{\"@id\":\"https:\/\/casinomarbella.com\/juegos\/slots#primaryimage\"},\"thumbnailUrl\":\"https:\/\/casinomarbella.com\/wp-content\/uploads\/2026\/02\/CASINO_140126-1-scaled.jpg\",\"datePublished\":\"2023-12-28T10:27:40+00:00\",\"dateModified\":\"2026-04-28T08:26:34+00:00\",\"description\":\"Descubre una amplia selecci\u00f3n de m\u00e1quinas de azar disponibles en la sala de juegos de Casino Marbella. M\u00e1s informaci\u00f3n.\",\"breadcrumb\":{\"@id\":\"https:\/\/casinomarbella.com\/juegos\/slots#breadcrumb\"},\"inLanguage\":\"en-US\",\"potentialAction\":[{\"@type\":\"ReadAction\",\"target\":[\"https:\/\/casinomarbella.com\/juegos\/slots\"]}]},{\"@type\":\"ImageObject\",\"inLanguage\":\"en-US\",\"@id\":\"https:\/\/casinomarbella.com\/juegos\/slots#primaryimage\",\"url\":\"https:\/\/casinomarbella.com\/wp-content\/uploads\/2026\/02\/CASINO_140126-1-scaled.jpg\",\"contentUrl\":\"https:\/\/casinomarbella.com\/wp-content\/uploads\/2026\/02\/CASINO_140126-1-scaled.jpg\",\"width\":1707,\"height\":2560,\"caption\":\"Slots\"},{\"@type\":\"BreadcrumbList\",\"@id\":\"https:\/\/casinomarbella.com\/juegos\/slots#breadcrumb\",\"itemListElement\":[{\"@type\":\"ListItem\",\"position\":1,\"name\":\"Portada\",\"item\":\"https:\/\/casinomarbella.com\/\"},{\"@type\":\"ListItem\",\"position\":2,\"name\":\"Juegos\",\"item\":\"https:\/\/casinomarbella.com\/juegos\"},{\"@type\":\"ListItem\",\"position\":3,\"name\":\"Slots\"}]},{\"@type\":\"WebSite\",\"@id\":\"https:\/\/casinomarbella.com\/en\/#website\",\"url\":\"https:\/\/casinomarbella.com\/en\/\",\"name\":\"Casino Marbella\",\"description\":\"More than just a gaming experience\",\"publisher\":{\"@id\":\"https:\/\/casinomarbella.com\/en\/#organization\"},\"potentialAction\":[{\"@type\":\"SearchAction\",\"target\":{\"@type\":\"EntryPoint\",\"urlTemplate\":\"https:\/\/casinomarbella.com\/en\/?s={search_term_string}\"},\"query-input\":{\"@type\":\"PropertyValueSpecification\",\"valueRequired\":true,\"valueName\":\"search_term_string\"}}],\"inLanguage\":\"en-US\"},{\"@type\":\"Organization\",\"@id\":\"https:\/\/casinomarbella.com\/en\/#organization\",\"name\":\"Casino Marbella\",\"url\":\"https:\/\/casinomarbella.com\/en\/\",\"logo\":{\"@type\":\"ImageObject\",\"inLanguage\":\"en-US\",\"@id\":\"https:\/\/casinomarbella.com\/en\/#\/schema\/logo\/image\/\",\"url\":\"https:\/\/casinomarbella.com\/wp-content\/uploads\/2024\/01\/LOGO-CASINO-black-scaled.png\",\"contentUrl\":\"https:\/\/casinomarbella.com\/wp-content\/uploads\/2024\/01\/LOGO-CASINO-black-scaled.png\",\"width\":2560,\"height\":1045,\"caption\":\"Casino Marbella\"},\"image\":{\"@id\":\"https:\/\/casinomarbella.com\/en\/#\/schema\/logo\/image\/\"},\"sameAs\":[\"https:\/\/www.facebook.com\/casinomarbella\",\"https:\/\/x.com\/Casino_Marbella\",\"https:\/\/www.instagram.com\/casinomarbella_\/\",\"https:\/\/www.linkedin.com\/company\/casino-marbella?originalSubdomain=es\"]}]}<\/script>\n<!-- \/ Yoast SEO plugin. -->","yoast_head_json":{"title":"Slots - Casino Marbella","description":"Descubre una amplia selecci\u00f3n de m\u00e1quinas de azar disponibles en la sala de juegos de Casino Marbella. M\u00e1s informaci\u00f3n.","robots":{"index":"index","follow":"follow","max-snippet":"max-snippet:-1","max-image-preview":"max-image-preview:large","max-video-preview":"max-video-preview:-1"},"canonical":"https:\/\/casinomarbella.com\/en\/games\/slots\/","og_locale":"en_US","og_type":"article","og_title":"Slots - Casino Marbella","og_description":"Descubre una amplia selecci\u00f3n de m\u00e1quinas de azar disponibles en la sala de juegos de Casino Marbella. M\u00e1s informaci\u00f3n.","og_url":"https:\/\/casinomarbella.com\/en\/games\/slots\/","og_site_name":"Casino Marbella","article_publisher":"https:\/\/www.facebook.com\/casinomarbella","article_modified_time":"2026-04-28T08:26:34+00:00","og_image":[{"width":1707,"height":2560,"url":"https:\/\/casinomarbella.com\/wp-content\/uploads\/2026\/02\/CASINO_140126-1-scaled.jpg","type":"image\/jpeg"}],"twitter_card":"summary_large_image","twitter_site":"@Casino_Marbella","twitter_misc":{"Est. reading time":"2 minutes"},"schema":{"@context":"https:\/\/schema.org","@graph":[{"@type":"WebPage","@id":"https:\/\/casinomarbella.com\/juegos\/slots","url":"https:\/\/casinomarbella.com\/juegos\/slots","name":"Slots - Casino Marbella","isPartOf":{"@id":"https:\/\/casinomarbella.com\/en\/#website"},"primaryImageOfPage":{"@id":"https:\/\/casinomarbella.com\/juegos\/slots#primaryimage"},"image":{"@id":"https:\/\/casinomarbella.com\/juegos\/slots#primaryimage"},"thumbnailUrl":"https:\/\/casinomarbella.com\/wp-content\/uploads\/2026\/02\/CASINO_140126-1-scaled.jpg","datePublished":"2023-12-28T10:27:40+00:00","dateModified":"2026-04-28T08:26:34+00:00","description":"Descubre una amplia selecci\u00f3n de m\u00e1quinas de azar disponibles en la sala de juegos de Casino Marbella. M\u00e1s informaci\u00f3n.","breadcrumb":{"@id":"https:\/\/casinomarbella.com\/juegos\/slots#breadcrumb"},"inLanguage":"en-US","potentialAction":[{"@type":"ReadAction","target":["https:\/\/casinomarbella.com\/juegos\/slots"]}]},{"@type":"ImageObject","inLanguage":"en-US","@id":"https:\/\/casinomarbella.com\/juegos\/slots#primaryimage","url":"https:\/\/casinomarbella.com\/wp-content\/uploads\/2026\/02\/CASINO_140126-1-scaled.jpg","contentUrl":"https:\/\/casinomarbella.com\/wp-content\/uploads\/2026\/02\/CASINO_140126-1-scaled.jpg","width":1707,"height":2560,"caption":"Slots"},{"@type":"BreadcrumbList","@id":"https:\/\/casinomarbella.com\/juegos\/slots#breadcrumb","itemListElement":[{"@type":"ListItem","position":1,"name":"Portada","item":"https:\/\/casinomarbella.com\/"},{"@type":"ListItem","position":2,"name":"Juegos","item":"https:\/\/casinomarbella.com\/juegos"},{"@type":"ListItem","position":3,"name":"Slots"}]},{"@type":"WebSite","@id":"https:\/\/casinomarbella.com\/en\/#website","url":"https:\/\/casinomarbella.com\/en\/","name":"Casino Marbella","description":"More than just a gaming experience","publisher":{"@id":"https:\/\/casinomarbella.com\/en\/#organization"},"potentialAction":[{"@type":"SearchAction","target":{"@type":"EntryPoint","urlTemplate":"https:\/\/casinomarbella.com\/en\/?s={search_term_string}"},"query-input":{"@type":"PropertyValueSpecification","valueRequired":true,"valueName":"search_term_string"}}],"inLanguage":"en-US"},{"@type":"Organization","@id":"https:\/\/casinomarbella.com\/en\/#organization","name":"Casino Marbella","url":"https:\/\/casinomarbella.com\/en\/","logo":{"@type":"ImageObject","inLanguage":"en-US","@id":"https:\/\/casinomarbella.com\/en\/#\/schema\/logo\/image\/","url":"https:\/\/casinomarbella.com\/wp-content\/uploads\/2024\/01\/LOGO-CASINO-black-scaled.png","contentUrl":"https:\/\/casinomarbella.com\/wp-content\/uploads\/2024\/01\/LOGO-CASINO-black-scaled.png","width":2560,"height":1045,"caption":"Casino Marbella"},"image":{"@id":"https:\/\/casinomarbella.com\/en\/#\/schema\/logo\/image\/"},"sameAs":["https:\/\/www.facebook.com\/casinomarbella","https:\/\/x.com\/Casino_Marbella","https:\/\/www.instagram.com\/casinomarbella_\/","https:\/\/www.linkedin.com\/company\/casino-marbella?originalSubdomain=es"]}]}},"_links":{"self":[{"href":"https:\/\/casinomarbella.com\/en\/wp-json\/wp\/v2\/pages\/765","targetHints":{"allow":["GET"]}}],"collection":[{"href":"https:\/\/casinomarbella.com\/en\/wp-json\/wp\/v2\/pages"}],"about":[{"href":"https:\/\/casinomarbella.com\/en\/wp-json\/wp\/v2\/types\/page"}],"author":[{"embeddable":true,"href":"https:\/\/casinomarbella.com\/en\/wp-json\/wp\/v2\/users\/1"}],"replies":[{"embeddable":true,"href":"https:\/\/casinomarbella.com\/en\/wp-json\/wp\/v2\/comments?post=765"}],"version-history":[{"count":14,"href":"https:\/\/casinomarbella.com\/en\/wp-json\/wp\/v2\/pages\/765\/revisions"}],"predecessor-version":[{"id":26544,"href":"https:\/\/casinomarbella.com\/en\/wp-json\/wp\/v2\/pages\/765\/revisions\/26544"}],"up":[{"embeddable":true,"href":"https:\/\/casinomarbella.com\/en\/wp-json\/wp\/v2\/pages\/676"}],"wp:featuredmedia":[{"embeddable":true,"href":"https:\/\/casinomarbella.com\/en\/wp-json\/wp\/v2\/media\/26042"}],"wp:attachment":[{"href":"https:\/\/casinomarbella.com\/en\/wp-json\/wp\/v2\/media?parent=765"}],"curies":[{"name":"wp","href":"https:\/\/api.w.org\/{rel}","templated":true}]}}